{"id":3945,"date":"2023-02-08T06:59:47","date_gmt":"2023-02-08T06:59:47","guid":{"rendered":"https:\/\/swissgoldplan.com\/lor-pour-lindustrie\/"},"modified":"2026-03-30T14:54:38","modified_gmt":"2026-03-30T14:54:38","slug":"lor-pour-lindustrie","status":"publish","type":"page","link":"https:\/\/swissgoldplan.com\/fr\/lor-pour-lindustrie\/","title":{"rendered":"L&rsquo;or pour l&rsquo;industrie"},"content":{"rendered":"\t\t<div data-elementor-type=\"wp-page\" data-elementor-id=\"3945\" class=\"elementor elementor-3945 elementor-16\" data-elementor-post-type=\"page\">\n\t\t\t\t\t\t<section class=\"elementor-section elementor-top-section elementor-element elementor-element-80c67f7 elementor-section-full_width elementor-section-height-min-height elementor-section-height-default elementor-section-items-middle\" data-id=\"80c67f7\" data-element_type=\"section\" data-e-type=\"section\" data-settings=\"{&quot;background_background&quot;:&quot;classic&quot;}\">\n\t\t\t\t\t\t<div class=\"elementor-container elementor-column-gap-default\">\n\t\t\t\t\t<div class=\"elementor-column elementor-col-100 elementor-top-column elementor-element elementor-element-fefd5b2\" data-id=\"fefd5b2\" data-element_type=\"column\" data-e-type=\"column\">\n\t\t\t<div class=\"elementor-widget-wrap elementor-element-populated\">\n\t\t\t\t\t\t<div class=\"elementor-element elementor-element-9eb5837 tracking-in-contract elementor-widget elementor-widget-heading\" data-id=\"9eb5837\" data-element_type=\"widget\" data-e-type=\"widget\" data-widget_type=\"heading.default\">\n\t\t\t\t<div class=\"elementor-widget-container\">\n\t\t\t\t\t<h1 class=\"elementor-heading-title elementor-size-default\">PX Group - notre partenaire industriel dans le traitement de l'or<\/h1>\t\t\t\t<\/div>\n\t\t\t\t<\/div>\n\t\t\t\t<section class=\"elementor-section elementor-inner-section elementor-element elementor-element-cec0636 elementor-section-full_width elementor-section-height-default elementor-section-height-default\" data-id=\"cec0636\" data-element_type=\"section\" data-e-type=\"section\">\n\t\t\t\t\t\t<div class=\"elementor-container elementor-column-gap-wider\">\n\t\t\t\t\t<div class=\"elementor-column elementor-col-50 elementor-inner-column elementor-element elementor-element-f2c8142\" data-id=\"f2c8142\" data-element_type=\"column\" data-e-type=\"column\">\n\t\t\t<div class=\"elementor-widget-wrap elementor-element-populated\">\n\t\t\t\t\t\t<div class=\"elementor-element elementor-element-2d0783f img elementor-invisible elementor-widget elementor-widget-image\" data-id=\"2d0783f\" data-element_type=\"widget\" data-e-type=\"widget\" data-settings=\"{&quot;_animation&quot;:&quot;fadeInUp&quot;,&quot;_animation_delay&quot;:900}\" data-widget_type=\"image.default\">\n\t\t\t\t<div class=\"elementor-widget-container\">\n\t\t\t\t\t\t\t\t\t\t\t\t\t\t\t<img fetchpriority=\"high\" decoding=\"async\" width=\"800\" height=\"534\" src=\"https:\/\/swissgoldplan.com\/wp-content\/uploads\/2023\/03\/DSC4904-1024x684.jpg\" class=\"attachment-large size-large wp-image-3791\" alt=\"\" srcset=\"https:\/\/swissgoldplan.com\/wp-content\/uploads\/2023\/03\/DSC4904-1024x684.jpg 1024w, https:\/\/swissgoldplan.com\/wp-content\/uploads\/2023\/03\/DSC4904-300x200.jpg 300w\" sizes=\"(max-width: 800px) 100vw, 800px\" \/>\t\t\t\t\t\t\t\t\t\t\t\t\t\t\t<\/div>\n\t\t\t\t<\/div>\n\t\t\t\t\t<\/div>\n\t\t<\/div>\n\t\t\t\t<div class=\"elementor-column elementor-col-50 elementor-inner-column elementor-element elementor-element-79c540e elementor-invisible\" data-id=\"79c540e\" data-element_type=\"column\" data-e-type=\"column\" data-settings=\"{&quot;animation&quot;:&quot;fadeInUp&quot;,&quot;animation_delay&quot;:900}\">\n\t\t\t<div class=\"elementor-widget-wrap elementor-element-populated\">\n\t\t\t\t\t\t<div class=\"elementor-element elementor-element-907ec0f elementor-widget elementor-widget-heading\" data-id=\"907ec0f\" data-element_type=\"widget\" data-e-type=\"widget\" data-widget_type=\"heading.default\">\n\t\t\t\t<div class=\"elementor-widget-container\">\n\t\t\t\t\t<h3 class=\"elementor-heading-title elementor-size-default\">\u00c0 propos de PX Groupe<\/h3>\t\t\t\t<\/div>\n\t\t\t\t<\/div>\n\t\t\t\t<div class=\"elementor-element elementor-element-4b341a1 elementor-widget elementor-widget-text-editor\" data-id=\"4b341a1\" data-element_type=\"widget\" data-e-type=\"widget\" data-widget_type=\"text-editor.default\">\n\t\t\t\t<div class=\"elementor-widget-container\">\n\t\t\t\t\t\t\t\t\t<p style=\"font-weight: 400;\">Le PX Group et sa filiale PX PRECINOX sont actifs dans la m\u00e9tallurgie et dans la fabrication d&rsquo;outils et de produits finis qui sont affin\u00e9s avec des m\u00e9taux. L&rsquo;entreprise, dont le si\u00e8ge est \u00e0 La Chaux-de-Fonds, cr\u00e9e des produits pour la technique m\u00e9dicale et dentaire, pour l&rsquo;industrie des produits de luxe, pour l&rsquo;industrie automobile, pour l&rsquo;aviation et pour l&rsquo;industrie \u00e9lectronique et du divertissement.<\/p>\t\t\t\t\t\t\t\t<\/div>\n\t\t\t\t<\/div>\n\t\t\t\t<div class=\"elementor-element elementor-element-c196d9e elementor-widget__width-initial elementor-widget elementor-widget-button\" data-id=\"c196d9e\" data-element_type=\"widget\" data-e-type=\"widget\" data-widget_type=\"button.default\">\n\t\t\t\t<div class=\"elementor-widget-container\">\n\t\t\t\t\t\t\t\t\t<div class=\"elementor-button-wrapper\">\n\t\t\t\t\t<a class=\"elementor-button elementor-button-link elementor-size-sm elementor-animation-grow\" href=\"https:\/\/pxgroup.com\/de\/\" target=\"_blank\">\n\t\t\t\t\t\t<span class=\"elementor-button-content-wrapper\">\n\t\t\t\t\t\t\t\t\t<span class=\"elementor-button-text\">En savoir plus<\/span>\n\t\t\t\t\t<\/span>\n\t\t\t\t\t<\/a>\n\t\t\t\t<\/div>\n\t\t\t\t\t\t\t\t<\/div>\n\t\t\t\t<\/div>\n\t\t\t\t\t<\/div>\n\t\t<\/div>\n\t\t\t\t\t<\/div>\n\t\t<\/section>\n\t\t\t\t<section class=\"elementor-section elementor-inner-section elementor-element elementor-element-614b3f4 elementor-section-full_width elementor-section-height-default elementor-section-height-default\" data-id=\"614b3f4\" data-element_type=\"section\" data-e-type=\"section\">\n\t\t\t\t\t\t<div class=\"elementor-container elementor-column-gap-default\">\n\t\t\t\t\t<div class=\"elementor-column elementor-col-50 elementor-inner-column elementor-element elementor-element-ede1514 elementor-invisible\" data-id=\"ede1514\" data-element_type=\"column\" data-e-type=\"column\" data-settings=\"{&quot;animation&quot;:&quot;fadeInUp&quot;,&quot;animation_delay&quot;:800}\">\n\t\t\t<div class=\"elementor-widget-wrap elementor-element-populated\">\n\t\t\t\t\t\t<div class=\"elementor-element elementor-element-8cc99b2 elementor-widget elementor-widget-heading\" data-id=\"8cc99b2\" data-element_type=\"widget\" data-e-type=\"widget\" data-widget_type=\"heading.default\">\n\t\t\t\t<div class=\"elementor-widget-container\">\n\t\t\t\t\t<h3 class=\"elementor-heading-title elementor-size-default\">L'or comme stock d'outils<\/h3>\t\t\t\t<\/div>\n\t\t\t\t<\/div>\n\t\t\t\t<div class=\"elementor-element elementor-element-3832259 elementor-widget elementor-widget-text-editor\" data-id=\"3832259\" data-element_type=\"widget\" data-e-type=\"widget\" data-widget_type=\"text-editor.default\">\n\t\t\t\t<div class=\"elementor-widget-container\">\n\t\t\t\t\t\t\t\t\t<p>L&rsquo;or de swissgoldplan est utilis\u00e9 par PX PRECINOX dans un environnement de production hautement s\u00e9curis\u00e9. Lorsqu&rsquo;un client ou une cliente de PX PRECINOX commande des produits en or, la quantit\u00e9 de mati\u00e8re premi\u00e8re n\u00e9cessaire \u00e0 la production est sup\u00e9rieure \u00e0 celle qu&rsquo;il ou elle a command\u00e9e. Dans cet exc\u00e9dent physiquement disponible se trouve l&rsquo;or achet\u00e9 via swissgoldplan. L&rsquo;or de swissgoldplan reste toujours dans le processus de production et ne quitte jamais la production hautement s\u00e9curis\u00e9e.<\/p>\t\t\t\t\t\t\t\t<\/div>\n\t\t\t\t<\/div>\n\t\t\t\t\t<\/div>\n\t\t<\/div>\n\t\t\t\t<div class=\"elementor-column elementor-col-50 elementor-inner-column elementor-element elementor-element-329ccb8 elementor-invisible\" data-id=\"329ccb8\" data-element_type=\"column\" data-e-type=\"column\" data-settings=\"{&quot;animation&quot;:&quot;fadeInUp&quot;}\">\n\t\t\t<div class=\"elementor-widget-wrap elementor-element-populated\">\n\t\t\t\t\t\t<div class=\"elementor-element elementor-element-ab41be4 img elementor-widget elementor-widget-image\" data-id=\"ab41be4\" data-element_type=\"widget\" data-e-type=\"widget\" data-widget_type=\"image.default\">\n\t\t\t\t<div class=\"elementor-widget-container\">\n\t\t\t\t\t\t\t\t\t\t\t\t\t\t\t<img decoding=\"async\" width=\"800\" height=\"534\" src=\"https:\/\/swissgoldplan.com\/wp-content\/uploads\/2023\/03\/DSC5444-1024x683.jpg\" class=\"attachment-large size-large wp-image-3793\" alt=\"\" srcset=\"https:\/\/swissgoldplan.com\/wp-content\/uploads\/2023\/03\/DSC5444-1024x683.jpg 1024w, https:\/\/swissgoldplan.com\/wp-content\/uploads\/2023\/03\/DSC5444-300x200.jpg 300w\" sizes=\"(max-width: 800px) 100vw, 800px\" \/>\t\t\t\t\t\t\t\t\t\t\t\t\t\t\t<\/div>\n\t\t\t\t<\/div>\n\t\t\t\t\t<\/div>\n\t\t<\/div>\n\t\t\t\t\t<\/div>\n\t\t<\/section>\n\t\t\t\t\t<\/div>\n\t\t<\/div>\n\t\t\t\t\t<\/div>\n\t\t<\/section>\n\t\t\t\t<section class=\"elementor-section elementor-top-section elementor-element elementor-element-6cd707c elementor-section-height-min-height elementor-section-full_width elementor-section-items-top elementor-section-height-default\" data-id=\"6cd707c\" data-element_type=\"section\" data-e-type=\"section\" data-settings=\"{&quot;background_background&quot;:&quot;classic&quot;}\">\n\t\t\t\t\t\t<div class=\"elementor-container elementor-column-gap-default\">\n\t\t\t\t\t<div class=\"elementor-column elementor-col-100 elementor-top-column elementor-element elementor-element-975eabf\" data-id=\"975eabf\" data-element_type=\"column\" data-e-type=\"column\">\n\t\t\t<div class=\"elementor-widget-wrap elementor-element-populated\">\n\t\t\t\t\t\t<div class=\"elementor-element elementor-element-0a1adc8 elementor-invisible elementor-widget elementor-widget-heading\" data-id=\"0a1adc8\" data-element_type=\"widget\" data-e-type=\"widget\" data-settings=\"{&quot;_animation&quot;:&quot;fadeInUp&quot;}\" data-widget_type=\"heading.default\">\n\t\t\t\t<div class=\"elementor-widget-container\">\n\t\t\t\t\t<h2 class=\"elementor-heading-title elementor-size-default\">PX <sup>IMPACT\u00ae<\/sup> Gold : \n\nApprovisionnement en or responsable<\/h2>\t\t\t\t<\/div>\n\t\t\t\t<\/div>\n\t\t\t\t<div class=\"elementor-element elementor-element-38c5aa6 elementor-widget elementor-widget-menu-anchor\" data-id=\"38c5aa6\" data-element_type=\"widget\" data-e-type=\"widget\" data-widget_type=\"menu-anchor.default\">\n\t\t\t\t<div class=\"elementor-widget-container\">\n\t\t\t\t\t\t\t<div class=\"elementor-menu-anchor\" id=\"impact\"><\/div>\n\t\t\t\t\t\t<\/div>\n\t\t\t\t<\/div>\n\t\t\t\t<section class=\"elementor-section elementor-inner-section elementor-element elementor-element-f2ca0f7 elementor-section-full_width elementor-section-height-default elementor-section-height-default\" data-id=\"f2ca0f7\" data-element_type=\"section\" data-e-type=\"section\">\n\t\t\t\t\t\t<div class=\"elementor-container elementor-column-gap-default\">\n\t\t\t\t\t<div class=\"elementor-column elementor-col-50 elementor-inner-column elementor-element elementor-element-c8c5de2 elementor-invisible\" data-id=\"c8c5de2\" data-element_type=\"column\" data-e-type=\"column\" data-settings=\"{&quot;animation&quot;:&quot;fadeInUp&quot;,&quot;animation_delay&quot;:200}\">\n\t\t\t<div class=\"elementor-widget-wrap elementor-element-populated\">\n\t\t\t\t\t\t<div class=\"elementor-element elementor-element-e31db6d img elementor-widget elementor-widget-image\" data-id=\"e31db6d\" data-element_type=\"widget\" data-e-type=\"widget\" data-widget_type=\"image.default\">\n\t\t\t\t<div class=\"elementor-widget-container\">\n\t\t\t\t\t\t\t\t\t\t\t\t\t\t\t<img decoding=\"async\" width=\"800\" height=\"534\" src=\"https:\/\/swissgoldplan.com\/wp-content\/uploads\/2023\/03\/DSC4778-1-1-scaled.webp\" class=\"attachment-large size-large wp-image-3797\" alt=\"\" \/>\t\t\t\t\t\t\t\t\t\t\t\t\t\t\t<\/div>\n\t\t\t\t<\/div>\n\t\t\t\t\t<\/div>\n\t\t<\/div>\n\t\t\t\t<div class=\"elementor-column elementor-col-50 elementor-inner-column elementor-element elementor-element-f771491 elementor-invisible\" data-id=\"f771491\" data-element_type=\"column\" data-e-type=\"column\" data-settings=\"{&quot;animation&quot;:&quot;fadeInUp&quot;,&quot;animation_delay&quot;:200}\">\n\t\t\t<div class=\"elementor-widget-wrap elementor-element-populated\">\n\t\t\t\t\t\t<div class=\"elementor-element elementor-element-2a1f173 elementor-widget elementor-widget-text-editor\" data-id=\"2a1f173\" data-element_type=\"widget\" data-e-type=\"widget\" data-widget_type=\"text-editor.default\">\n\t\t\t\t<div class=\"elementor-widget-container\">\n\t\t\t\t\t\t\t\t\t<p style=\"font-weight: 400;\">Pour <strong>PX GROUP<\/strong>, ses valeurs humaines et entrepreneuriales sont d&rsquo;une grande importance. C&rsquo;est pourquoi le soutien de plusieurs institutions dans les domaines de l&rsquo;innovation, de la recherche et de la culture est un \u00e9l\u00e9ment important de sa strat\u00e9gie d&rsquo;entreprise.<\/p><p style=\"font-weight: 400;\">En tant qu&rsquo;entreprise engag\u00e9e et responsable, PX GROUP a initi\u00e9 un projet de promotion de l&rsquo;or responsable. En collaboration avec son partenaire Dynacor et l&rsquo;ONG FIDAMAR bas\u00e9e \u00e0 Lima, au P\u00e9rou, PX PRECINOX propose l&rsquo;or \u00e9thique PX <sup>IMPACT\u00ae<\/sup>.<\/p><p style=\"font-weight: 400;\">L&rsquo;extraction de l&rsquo;or PX <sup>IMPACT\u00ae<\/sup> ne rejette plus de mercure dans l&rsquo;environnement. La prime qui est vers\u00e9e une seule fois lors de l&rsquo;achat de PX <sup>IMPACT\u00ae<\/sup> Gold profite directement aux mineurs. Ils investissent ce surco\u00fbt dans leur qualit\u00e9 de vie, construisent des \u00e9coles, des biblioth\u00e8ques ou \u00e9quipent les centres de sant\u00e9 locaux d&rsquo;autres appareils.<\/p>\t\t\t\t\t\t\t\t<\/div>\n\t\t\t\t<\/div>\n\t\t\t\t<div class=\"elementor-element elementor-element-5f434a7 elementor-widget__width-initial elementor-widget elementor-widget-button\" data-id=\"5f434a7\" data-element_type=\"widget\" data-e-type=\"widget\" data-widget_type=\"button.default\">\n\t\t\t\t<div class=\"elementor-widget-container\">\n\t\t\t\t\t\t\t\t\t<div class=\"elementor-button-wrapper\">\n\t\t\t\t\t<a class=\"elementor-button elementor-button-link elementor-size-sm elementor-animation-grow\" href=\"https:\/\/pxgroup.com\/de\/px-impact-artikel\/\" target=\"_blank\">\n\t\t\t\t\t\t<span class=\"elementor-button-content-wrapper\">\n\t\t\t\t\t\t\t\t\t<span class=\"elementor-button-text\">En savoir plus sur PX IMPACT\u00ae<\/span>\n\t\t\t\t\t<\/span>\n\t\t\t\t\t<\/a>\n\t\t\t\t<\/div>\n\t\t\t\t\t\t\t\t<\/div>\n\t\t\t\t<\/div>\n\t\t\t\t<div class=\"elementor-element elementor-element-eb7a100 elementor-widget__width-initial elementor-widget elementor-widget-button\" data-id=\"eb7a100\" data-element_type=\"widget\" data-e-type=\"widget\" data-widget_type=\"button.default\">\n\t\t\t\t<div class=\"elementor-widget-container\">\n\t\t\t\t\t\t\t\t\t<div class=\"elementor-button-wrapper\">\n\t\t\t\t\t<a class=\"elementor-button elementor-button-link elementor-size-sm elementor-animation-grow\" href=\"https:\/\/fidamar.org\" target=\"_blank\">\n\t\t\t\t\t\t<span class=\"elementor-button-content-wrapper\">\n\t\t\t\t\t\t\t\t\t<span class=\"elementor-button-text\">En savoir plus sur FIDAMAR<\/span>\n\t\t\t\t\t<\/span>\n\t\t\t\t\t<\/a>\n\t\t\t\t<\/div>\n\t\t\t\t\t\t\t\t<\/div>\n\t\t\t\t<\/div>\n\t\t\t\t\t<\/div>\n\t\t<\/div>\n\t\t\t\t\t<\/div>\n\t\t<\/section>\n\t\t\t\t\t<\/div>\n\t\t<\/div>\n\t\t\t\t\t<\/div>\n\t\t<\/section>\n\t\t\t\t<\/div>\n\t\t","protected":false},"excerpt":{"rendered":"<p>PX Group &#8211; notre partenaire industriel dans le traitement de l&rsquo;or \u00c0 propos de PX Groupe Le PX Group et sa filiale PX PRECINOX sont actifs dans la m\u00e9tallurgie et dans la fabrication d&rsquo;outils et de produits finis qui sont affin\u00e9s avec des m\u00e9taux. L&rsquo;entreprise, dont le si\u00e8ge est \u00e0 La Chaux-de-Fonds, cr\u00e9e des produits [&hellip;]<\/p>\n","protected":false},"author":1,"featured_media":0,"parent":0,"menu_order":0,"comment_status":"closed","ping_status":"closed","template":"","meta":{"footnotes":""},"class_list":["post-3945","page","type-page","status-publish","hentry"],"yoast_head":"<!-- This site is optimized with the Yoast SEO plugin v27.4 - https:\/\/yoast.com\/product\/yoast-seo-wordpress\/ -->\n<title>Acheter de l&#039;or et le pr\u00eater \u00e0 l&#039;industrie - Swissgoldplan<\/title>\n<meta name=\"description\" content=\"L&#039;industrie utilise l&#039;or de pr\u00eat comme stock d&#039;outils. Cela lui permet de planifier la production de m\u00e9taux pr\u00e9cieux de mani\u00e8re plus flexible.\" \/>\n<meta name=\"robots\" content=\"index, follow, max-snippet:-1, max-image-preview:large, max-video-preview:-1\" \/>\n<link rel=\"canonical\" href=\"https:\/\/swissgoldplan.com\/fr\/lor-pour-lindustrie\/\" \/>\n<meta property=\"og:locale\" content=\"fr_FR\" \/>\n<meta property=\"og:type\" content=\"article\" \/>\n<meta property=\"og:title\" content=\"Acheter de l&#039;or et le pr\u00eater \u00e0 l&#039;industrie - Swissgoldplan\" \/>\n<meta property=\"og:description\" content=\"L&#039;industrie utilise l&#039;or de pr\u00eat comme stock d&#039;outils. Cela lui permet de planifier la production de m\u00e9taux pr\u00e9cieux de mani\u00e8re plus flexible.\" \/>\n<meta property=\"og:url\" content=\"https:\/\/swissgoldplan.com\/fr\/lor-pour-lindustrie\/\" \/>\n<meta property=\"og:site_name\" content=\"swissgoldplan SA\" \/>\n<meta property=\"article:modified_time\" content=\"2026-03-30T14:54:38+00:00\" \/>\n<meta property=\"og:image\" content=\"https:\/\/swissgoldplan.com\/wp-content\/uploads\/2023\/03\/DSC4904-scaled.webp\" \/>\n\t<meta property=\"og:image:width\" content=\"1920\" \/>\n\t<meta property=\"og:image:height\" content=\"1282\" \/>\n\t<meta property=\"og:image:type\" content=\"image\/webp\" \/>\n<meta name=\"twitter:card\" content=\"summary_large_image\" \/>\n<meta name=\"twitter:label1\" content=\"Dur\u00e9e de lecture estim\u00e9e\" \/>\n\t<meta name=\"twitter:data1\" content=\"2 minutes\" \/>\n<script type=\"application\/ld+json\" class=\"yoast-schema-graph\">{\"@context\":\"https:\\\/\\\/schema.org\",\"@graph\":[{\"@type\":\"WebPage\",\"@id\":\"https:\\\/\\\/swissgoldplan.com\\\/fr\\\/lor-pour-lindustrie\\\/\",\"url\":\"https:\\\/\\\/swissgoldplan.com\\\/fr\\\/lor-pour-lindustrie\\\/\",\"name\":\"Acheter de l'or et le pr\u00eater \u00e0 l'industrie - Swissgoldplan\",\"isPartOf\":{\"@id\":\"https:\\\/\\\/swissgoldplan.com\\\/fr\\\/#website\"},\"primaryImageOfPage\":{\"@id\":\"https:\\\/\\\/swissgoldplan.com\\\/fr\\\/lor-pour-lindustrie\\\/#primaryimage\"},\"image\":{\"@id\":\"https:\\\/\\\/swissgoldplan.com\\\/fr\\\/lor-pour-lindustrie\\\/#primaryimage\"},\"thumbnailUrl\":\"https:\\\/\\\/swissgoldplan.com\\\/wp-content\\\/uploads\\\/2023\\\/03\\\/DSC4904-1024x684.webp\",\"datePublished\":\"2023-02-08T06:59:47+00:00\",\"dateModified\":\"2026-03-30T14:54:38+00:00\",\"description\":\"L'industrie utilise l'or de pr\u00eat comme stock d'outils. Cela lui permet de planifier la production de m\u00e9taux pr\u00e9cieux de mani\u00e8re plus flexible.\",\"breadcrumb\":{\"@id\":\"https:\\\/\\\/swissgoldplan.com\\\/fr\\\/lor-pour-lindustrie\\\/#breadcrumb\"},\"inLanguage\":\"fr-FR\",\"potentialAction\":[{\"@type\":\"ReadAction\",\"target\":[\"https:\\\/\\\/swissgoldplan.com\\\/fr\\\/lor-pour-lindustrie\\\/\"]}]},{\"@type\":\"ImageObject\",\"inLanguage\":\"fr-FR\",\"@id\":\"https:\\\/\\\/swissgoldplan.com\\\/fr\\\/lor-pour-lindustrie\\\/#primaryimage\",\"url\":\"https:\\\/\\\/swissgoldplan.com\\\/wp-content\\\/uploads\\\/2023\\\/03\\\/DSC4904-1024x684.webp\",\"contentUrl\":\"https:\\\/\\\/swissgoldplan.com\\\/wp-content\\\/uploads\\\/2023\\\/03\\\/DSC4904-1024x684.webp\"},{\"@type\":\"BreadcrumbList\",\"@id\":\"https:\\\/\\\/swissgoldplan.com\\\/fr\\\/lor-pour-lindustrie\\\/#breadcrumb\",\"itemListElement\":[{\"@type\":\"ListItem\",\"position\":1,\"name\":\"Accueil\",\"item\":\"https:\\\/\\\/swissgoldplan.com\\\/fr\\\/\"},{\"@type\":\"ListItem\",\"position\":2,\"name\":\"L&#8217;or pour l&#8217;industrie\"}]},{\"@type\":\"WebSite\",\"@id\":\"https:\\\/\\\/swissgoldplan.com\\\/fr\\\/#website\",\"url\":\"https:\\\/\\\/swissgoldplan.com\\\/fr\\\/\",\"name\":\"swissgoldplan SA\",\"description\":\"Faites travailler votre or pour vous. Achetez de l'or en Suisse, empruntez-le et gagnez des int\u00e9r\u00eats de pr\u00eat. \",\"publisher\":{\"@id\":\"https:\\\/\\\/swissgoldplan.com\\\/fr\\\/#organization\"},\"potentialAction\":[{\"@type\":\"SearchAction\",\"target\":{\"@type\":\"EntryPoint\",\"urlTemplate\":\"https:\\\/\\\/swissgoldplan.com\\\/fr\\\/?s={search_term_string}\"},\"query-input\":{\"@type\":\"PropertyValueSpecification\",\"valueRequired\":true,\"valueName\":\"search_term_string\"}}],\"inLanguage\":\"fr-FR\"},{\"@type\":\"Organization\",\"@id\":\"https:\\\/\\\/swissgoldplan.com\\\/fr\\\/#organization\",\"name\":\"swissgoldplan SA\",\"alternateName\":\"swissgoldplan SA\",\"url\":\"https:\\\/\\\/swissgoldplan.com\\\/fr\\\/\",\"logo\":{\"@type\":\"ImageObject\",\"inLanguage\":\"fr-FR\",\"@id\":\"https:\\\/\\\/swissgoldplan.com\\\/fr\\\/#\\\/schema\\\/logo\\\/image\\\/\",\"url\":\"https:\\\/\\\/swissgoldplan.com\\\/wp-content\\\/uploads\\\/2023\\\/02\\\/logo_swissgoldplan-1.png\",\"contentUrl\":\"https:\\\/\\\/swissgoldplan.com\\\/wp-content\\\/uploads\\\/2023\\\/02\\\/logo_swissgoldplan-1.png\",\"width\":1620,\"height\":1000,\"caption\":\"swissgoldplan SA\"},\"image\":{\"@id\":\"https:\\\/\\\/swissgoldplan.com\\\/fr\\\/#\\\/schema\\\/logo\\\/image\\\/\"},\"sameAs\":[\"https:\\\/\\\/www.linkedin.com\\\/company\\\/swissgoldplan-sa\\\/?viewAsMember=true\"]}]}<\/script>\n<!-- \/ Yoast SEO plugin. -->","yoast_head_json":{"title":"Acheter de l'or et le pr\u00eater \u00e0 l'industrie - Swissgoldplan","description":"L'industrie utilise l'or de pr\u00eat comme stock d'outils. Cela lui permet de planifier la production de m\u00e9taux pr\u00e9cieux de mani\u00e8re plus flexible.","robots":{"index":"index","follow":"follow","max-snippet":"max-snippet:-1","max-image-preview":"max-image-preview:large","max-video-preview":"max-video-preview:-1"},"canonical":"https:\/\/swissgoldplan.com\/fr\/lor-pour-lindustrie\/","og_locale":"fr_FR","og_type":"article","og_title":"Acheter de l'or et le pr\u00eater \u00e0 l'industrie - Swissgoldplan","og_description":"L'industrie utilise l'or de pr\u00eat comme stock d'outils. Cela lui permet de planifier la production de m\u00e9taux pr\u00e9cieux de mani\u00e8re plus flexible.","og_url":"https:\/\/swissgoldplan.com\/fr\/lor-pour-lindustrie\/","og_site_name":"swissgoldplan SA","article_modified_time":"2026-03-30T14:54:38+00:00","og_image":[{"width":1920,"height":1282,"url":"https:\/\/swissgoldplan.com\/wp-content\/uploads\/2023\/03\/DSC4904-scaled.webp","type":"image\/webp"}],"twitter_card":"summary_large_image","twitter_misc":{"Dur\u00e9e de lecture estim\u00e9e":"2 minutes"},"schema":{"@context":"https:\/\/schema.org","@graph":[{"@type":"WebPage","@id":"https:\/\/swissgoldplan.com\/fr\/lor-pour-lindustrie\/","url":"https:\/\/swissgoldplan.com\/fr\/lor-pour-lindustrie\/","name":"Acheter de l'or et le pr\u00eater \u00e0 l'industrie - Swissgoldplan","isPartOf":{"@id":"https:\/\/swissgoldplan.com\/fr\/#website"},"primaryImageOfPage":{"@id":"https:\/\/swissgoldplan.com\/fr\/lor-pour-lindustrie\/#primaryimage"},"image":{"@id":"https:\/\/swissgoldplan.com\/fr\/lor-pour-lindustrie\/#primaryimage"},"thumbnailUrl":"https:\/\/swissgoldplan.com\/wp-content\/uploads\/2023\/03\/DSC4904-1024x684.webp","datePublished":"2023-02-08T06:59:47+00:00","dateModified":"2026-03-30T14:54:38+00:00","description":"L'industrie utilise l'or de pr\u00eat comme stock d'outils. Cela lui permet de planifier la production de m\u00e9taux pr\u00e9cieux de mani\u00e8re plus flexible.","breadcrumb":{"@id":"https:\/\/swissgoldplan.com\/fr\/lor-pour-lindustrie\/#breadcrumb"},"inLanguage":"fr-FR","potentialAction":[{"@type":"ReadAction","target":["https:\/\/swissgoldplan.com\/fr\/lor-pour-lindustrie\/"]}]},{"@type":"ImageObject","inLanguage":"fr-FR","@id":"https:\/\/swissgoldplan.com\/fr\/lor-pour-lindustrie\/#primaryimage","url":"https:\/\/swissgoldplan.com\/wp-content\/uploads\/2023\/03\/DSC4904-1024x684.webp","contentUrl":"https:\/\/swissgoldplan.com\/wp-content\/uploads\/2023\/03\/DSC4904-1024x684.webp"},{"@type":"BreadcrumbList","@id":"https:\/\/swissgoldplan.com\/fr\/lor-pour-lindustrie\/#breadcrumb","itemListElement":[{"@type":"ListItem","position":1,"name":"Accueil","item":"https:\/\/swissgoldplan.com\/fr\/"},{"@type":"ListItem","position":2,"name":"L&#8217;or pour l&#8217;industrie"}]},{"@type":"WebSite","@id":"https:\/\/swissgoldplan.com\/fr\/#website","url":"https:\/\/swissgoldplan.com\/fr\/","name":"swissgoldplan SA","description":"Faites travailler votre or pour vous. Achetez de l'or en Suisse, empruntez-le et gagnez des int\u00e9r\u00eats de pr\u00eat. ","publisher":{"@id":"https:\/\/swissgoldplan.com\/fr\/#organization"},"potentialAction":[{"@type":"SearchAction","target":{"@type":"EntryPoint","urlTemplate":"https:\/\/swissgoldplan.com\/fr\/?s={search_term_string}"},"query-input":{"@type":"PropertyValueSpecification","valueRequired":true,"valueName":"search_term_string"}}],"inLanguage":"fr-FR"},{"@type":"Organization","@id":"https:\/\/swissgoldplan.com\/fr\/#organization","name":"swissgoldplan SA","alternateName":"swissgoldplan SA","url":"https:\/\/swissgoldplan.com\/fr\/","logo":{"@type":"ImageObject","inLanguage":"fr-FR","@id":"https:\/\/swissgoldplan.com\/fr\/#\/schema\/logo\/image\/","url":"https:\/\/swissgoldplan.com\/wp-content\/uploads\/2023\/02\/logo_swissgoldplan-1.png","contentUrl":"https:\/\/swissgoldplan.com\/wp-content\/uploads\/2023\/02\/logo_swissgoldplan-1.png","width":1620,"height":1000,"caption":"swissgoldplan SA"},"image":{"@id":"https:\/\/swissgoldplan.com\/fr\/#\/schema\/logo\/image\/"},"sameAs":["https:\/\/www.linkedin.com\/company\/swissgoldplan-sa\/?viewAsMember=true"]}]}},"_links":{"self":[{"href":"https:\/\/swissgoldplan.com\/fr\/wp-json\/wp\/v2\/pages\/3945","targetHints":{"allow":["GET"]}}],"collection":[{"href":"https:\/\/swissgoldplan.com\/fr\/wp-json\/wp\/v2\/pages"}],"about":[{"href":"https:\/\/swissgoldplan.com\/fr\/wp-json\/wp\/v2\/types\/page"}],"author":[{"embeddable":true,"href":"https:\/\/swissgoldplan.com\/fr\/wp-json\/wp\/v2\/users\/1"}],"replies":[{"embeddable":true,"href":"https:\/\/swissgoldplan.com\/fr\/wp-json\/wp\/v2\/comments?post=3945"}],"version-history":[{"count":6,"href":"https:\/\/swissgoldplan.com\/fr\/wp-json\/wp\/v2\/pages\/3945\/revisions"}],"predecessor-version":[{"id":5212,"href":"https:\/\/swissgoldplan.com\/fr\/wp-json\/wp\/v2\/pages\/3945\/revisions\/5212"}],"wp:attachment":[{"href":"https:\/\/swissgoldplan.com\/fr\/wp-json\/wp\/v2\/media?parent=3945"}],"curies":[{"name":"wp","href":"https:\/\/api.w.org\/{rel}","templated":true}]}}