{"id":3930,"date":"2023-04-11T09:05:47","date_gmt":"2023-04-11T09:05:47","guid":{"rendered":"https:\/\/swissgoldplan.com\/mentions-legales\/"},"modified":"2024-04-22T08:05:16","modified_gmt":"2024-04-22T08:05:16","slug":"mentions-legales","status":"publish","type":"page","link":"https:\/\/swissgoldplan.com\/fr\/mentions-legales\/","title":{"rendered":"Mentions l\u00e9gales"},"content":{"rendered":"\t\t<div data-elementor-type=\"wp-page\" data-elementor-id=\"3930\" class=\"elementor elementor-3930 elementor-2105\" data-elementor-post-type=\"page\">\n\t\t\t\t\t\t<section class=\"elementor-section elementor-top-section elementor-element elementor-element-b39390e elementor-section-boxed elementor-section-height-default elementor-section-height-default\" data-id=\"b39390e\" data-element_type=\"section\" data-e-type=\"section\">\n\t\t\t\t\t\t<div class=\"elementor-container elementor-column-gap-default\">\n\t\t\t\t\t<div class=\"elementor-column elementor-col-100 elementor-top-column elementor-element elementor-element-8d4f239\" data-id=\"8d4f239\" data-element_type=\"column\" data-e-type=\"column\">\n\t\t\t<div class=\"elementor-widget-wrap elementor-element-populated\">\n\t\t\t\t\t\t<section class=\"elementor-section elementor-inner-section elementor-element elementor-element-7f125a2 elementor-section-boxed elementor-section-height-default elementor-section-height-default\" data-id=\"7f125a2\" data-element_type=\"section\" data-e-type=\"section\">\n\t\t\t\t\t\t<div class=\"elementor-container elementor-column-gap-default\">\n\t\t\t\t\t<div class=\"elementor-column elementor-col-50 elementor-inner-column elementor-element elementor-element-e1facf3\" data-id=\"e1facf3\" data-element_type=\"column\" data-e-type=\"column\">\n\t\t\t<div class=\"elementor-widget-wrap\">\n\t\t\t\t\t\t\t<\/div>\n\t\t<\/div>\n\t\t\t\t<div class=\"elementor-column elementor-col-50 elementor-inner-column elementor-element elementor-element-92fdd8e\" data-id=\"92fdd8e\" data-element_type=\"column\" data-e-type=\"column\">\n\t\t\t<div class=\"elementor-widget-wrap\">\n\t\t\t\t\t\t\t<\/div>\n\t\t<\/div>\n\t\t\t\t\t<\/div>\n\t\t<\/section>\n\t\t\t\t\t<\/div>\n\t\t<\/div>\n\t\t\t\t\t<\/div>\n\t\t<\/section>\n\t\t\t\t<section class=\"elementor-section elementor-top-section elementor-element elementor-element-5ae70ce elementor-section-height-min-height elementor-section-boxed elementor-section-height-default elementor-section-items-middle\" data-id=\"5ae70ce\" data-element_type=\"section\" data-e-type=\"section\" data-settings=\"{&quot;background_background&quot;:&quot;classic&quot;}\">\n\t\t\t\t\t\t<div class=\"elementor-container elementor-column-gap-default\">\n\t\t\t\t\t<div class=\"elementor-column elementor-col-100 elementor-top-column elementor-element elementor-element-1d2ea79\" data-id=\"1d2ea79\" data-element_type=\"column\" data-e-type=\"column\">\n\t\t\t<div class=\"elementor-widget-wrap elementor-element-populated\">\n\t\t\t\t\t\t<div class=\"elementor-element elementor-element-5b76339 elementor-widget elementor-widget-heading\" data-id=\"5b76339\" data-element_type=\"widget\" data-e-type=\"widget\" data-widget_type=\"heading.default\">\n\t\t\t\t<div class=\"elementor-widget-container\">\n\t\t\t\t\t<h2 class=\"elementor-heading-title elementor-size-default\">Mentions l\u00e9gales<\/h2>\t\t\t\t<\/div>\n\t\t\t\t<\/div>\n\t\t\t\t<div class=\"elementor-element elementor-element-b824d79 elementor-widget elementor-widget-text-editor\" data-id=\"b824d79\" data-element_type=\"widget\" data-e-type=\"widget\" data-widget_type=\"text-editor.default\">\n\t\t\t\t<div class=\"elementor-widget-container\">\n\t\t\t\t\t\t\t\t\t<p style=\"font-weight: 400;\">swissgoldplan SA<br \/>c\/o Colab S\u00e0rl<br \/>Avenue de la Gare 14<br \/>CH-1700 Fribourg<br \/><a href=\"http:\/\/www.swissgoldplan.com\/\">www.swissgoldplan.com<\/a><\/p>\n<p>Contact : <a href=\"mailto:contact@swissgoldplan.com\" target=\"_blank\" rel=\"noopener\">contact@swissgoldplan.com<\/a><\/p>\n<p>UID : <a class=\"ob-external-link ng-star-inserted\" href=\"https:\/\/www.uid.admin.ch\/Detail.aspx?uid_id=CHE199067901\" target=\"_blank\" rel=\"noopener noreferrer\" aria-label=\" - Opens in a new tab.\">CHE-199.067.901<\/a><\/p>\n\t\t\t\t\t\t\t\t<\/div>\n\t\t\t\t<\/div>\n\t\t\t\t\t<\/div>\n\t\t<\/div>\n\t\t\t\t\t<\/div>\n\t\t<\/section>\n\t\t\t\t<\/div>\n\t\t","protected":false},"excerpt":{"rendered":"<p>Mentions l\u00e9gales swissgoldplan SAc\/o Colab S\u00e0rlAvenue de la Gare 14CH-1700 Fribourgwww.swissgoldplan.com Contact : contact@swissgoldplan.com UID : CHE-199.067.901<\/p>\n","protected":false},"author":1,"featured_media":0,"parent":0,"menu_order":0,"comment_status":"closed","ping_status":"closed","template":"","meta":{"footnotes":""},"class_list":["post-3930","page","type-page","status-publish","hentry"],"yoast_head":"<!-- This site is optimized with the Yoast SEO plugin v27.4 - https:\/\/yoast.com\/product\/yoast-seo-wordpress\/ -->\n<title>Mentions l\u00e9gales - swissgoldplan SA<\/title>\n<meta name=\"robots\" content=\"index, follow, max-snippet:-1, max-image-preview:large, max-video-preview:-1\" \/>\n<link rel=\"canonical\" href=\"https:\/\/swissgoldplan.com\/fr\/mentions-legales\/\" \/>\n<meta property=\"og:locale\" content=\"fr_FR\" \/>\n<meta property=\"og:type\" content=\"article\" \/>\n<meta property=\"og:title\" content=\"Mentions l\u00e9gales - swissgoldplan SA\" \/>\n<meta property=\"og:description\" content=\"Mentions l\u00e9gales swissgoldplan SAc\/o Colab S\u00e0rlAvenue de la Gare 14CH-1700 Fribourgwww.swissgoldplan.com Contact : contact@swissgoldplan.com UID : CHE-199.067.901\" \/>\n<meta property=\"og:url\" content=\"https:\/\/swissgoldplan.com\/fr\/mentions-legales\/\" \/>\n<meta property=\"og:site_name\" content=\"swissgoldplan SA\" \/>\n<meta property=\"article:modified_time\" content=\"2024-04-22T08:05:16+00:00\" \/>\n<meta name=\"twitter:card\" content=\"summary_large_image\" \/>\n<script type=\"application\/ld+json\" class=\"yoast-schema-graph\">{\"@context\":\"https:\\\/\\\/schema.org\",\"@graph\":[{\"@type\":\"WebPage\",\"@id\":\"https:\\\/\\\/swissgoldplan.com\\\/fr\\\/mentions-legales\\\/\",\"url\":\"https:\\\/\\\/swissgoldplan.com\\\/fr\\\/mentions-legales\\\/\",\"name\":\"Mentions l\u00e9gales - swissgoldplan SA\",\"isPartOf\":{\"@id\":\"https:\\\/\\\/swissgoldplan.com\\\/fr\\\/#website\"},\"datePublished\":\"2023-04-11T09:05:47+00:00\",\"dateModified\":\"2024-04-22T08:05:16+00:00\",\"breadcrumb\":{\"@id\":\"https:\\\/\\\/swissgoldplan.com\\\/fr\\\/mentions-legales\\\/#breadcrumb\"},\"inLanguage\":\"fr-FR\",\"potentialAction\":[{\"@type\":\"ReadAction\",\"target\":[\"https:\\\/\\\/swissgoldplan.com\\\/fr\\\/mentions-legales\\\/\"]}]},{\"@type\":\"BreadcrumbList\",\"@id\":\"https:\\\/\\\/swissgoldplan.com\\\/fr\\\/mentions-legales\\\/#breadcrumb\",\"itemListElement\":[{\"@type\":\"ListItem\",\"position\":1,\"name\":\"Accueil\",\"item\":\"https:\\\/\\\/swissgoldplan.com\\\/fr\\\/\"},{\"@type\":\"ListItem\",\"position\":2,\"name\":\"Mentions l\u00e9gales\"}]},{\"@type\":\"WebSite\",\"@id\":\"https:\\\/\\\/swissgoldplan.com\\\/fr\\\/#website\",\"url\":\"https:\\\/\\\/swissgoldplan.com\\\/fr\\\/\",\"name\":\"swissgoldplan SA\",\"description\":\"Faites travailler votre or pour vous. Achetez de l'or en Suisse, empruntez-le et gagnez des int\u00e9r\u00eats de pr\u00eat. \",\"publisher\":{\"@id\":\"https:\\\/\\\/swissgoldplan.com\\\/fr\\\/#organization\"},\"potentialAction\":[{\"@type\":\"SearchAction\",\"target\":{\"@type\":\"EntryPoint\",\"urlTemplate\":\"https:\\\/\\\/swissgoldplan.com\\\/fr\\\/?s={search_term_string}\"},\"query-input\":{\"@type\":\"PropertyValueSpecification\",\"valueRequired\":true,\"valueName\":\"search_term_string\"}}],\"inLanguage\":\"fr-FR\"},{\"@type\":\"Organization\",\"@id\":\"https:\\\/\\\/swissgoldplan.com\\\/fr\\\/#organization\",\"name\":\"swissgoldplan SA\",\"alternateName\":\"swissgoldplan SA\",\"url\":\"https:\\\/\\\/swissgoldplan.com\\\/fr\\\/\",\"logo\":{\"@type\":\"ImageObject\",\"inLanguage\":\"fr-FR\",\"@id\":\"https:\\\/\\\/swissgoldplan.com\\\/fr\\\/#\\\/schema\\\/logo\\\/image\\\/\",\"url\":\"https:\\\/\\\/swissgoldplan.com\\\/wp-content\\\/uploads\\\/2023\\\/02\\\/logo_swissgoldplan-1.png\",\"contentUrl\":\"https:\\\/\\\/swissgoldplan.com\\\/wp-content\\\/uploads\\\/2023\\\/02\\\/logo_swissgoldplan-1.png\",\"width\":1620,\"height\":1000,\"caption\":\"swissgoldplan SA\"},\"image\":{\"@id\":\"https:\\\/\\\/swissgoldplan.com\\\/fr\\\/#\\\/schema\\\/logo\\\/image\\\/\"},\"sameAs\":[\"https:\\\/\\\/www.linkedin.com\\\/company\\\/swissgoldplan-sa\\\/?viewAsMember=true\"]}]}<\/script>\n<!-- \/ Yoast SEO plugin. -->","yoast_head_json":{"title":"Mentions l\u00e9gales - swissgoldplan SA","robots":{"index":"index","follow":"follow","max-snippet":"max-snippet:-1","max-image-preview":"max-image-preview:large","max-video-preview":"max-video-preview:-1"},"canonical":"https:\/\/swissgoldplan.com\/fr\/mentions-legales\/","og_locale":"fr_FR","og_type":"article","og_title":"Mentions l\u00e9gales - swissgoldplan SA","og_description":"Mentions l\u00e9gales swissgoldplan SAc\/o Colab S\u00e0rlAvenue de la Gare 14CH-1700 Fribourgwww.swissgoldplan.com Contact : contact@swissgoldplan.com UID : CHE-199.067.901","og_url":"https:\/\/swissgoldplan.com\/fr\/mentions-legales\/","og_site_name":"swissgoldplan SA","article_modified_time":"2024-04-22T08:05:16+00:00","twitter_card":"summary_large_image","schema":{"@context":"https:\/\/schema.org","@graph":[{"@type":"WebPage","@id":"https:\/\/swissgoldplan.com\/fr\/mentions-legales\/","url":"https:\/\/swissgoldplan.com\/fr\/mentions-legales\/","name":"Mentions l\u00e9gales - swissgoldplan SA","isPartOf":{"@id":"https:\/\/swissgoldplan.com\/fr\/#website"},"datePublished":"2023-04-11T09:05:47+00:00","dateModified":"2024-04-22T08:05:16+00:00","breadcrumb":{"@id":"https:\/\/swissgoldplan.com\/fr\/mentions-legales\/#breadcrumb"},"inLanguage":"fr-FR","potentialAction":[{"@type":"ReadAction","target":["https:\/\/swissgoldplan.com\/fr\/mentions-legales\/"]}]},{"@type":"BreadcrumbList","@id":"https:\/\/swissgoldplan.com\/fr\/mentions-legales\/#breadcrumb","itemListElement":[{"@type":"ListItem","position":1,"name":"Accueil","item":"https:\/\/swissgoldplan.com\/fr\/"},{"@type":"ListItem","position":2,"name":"Mentions l\u00e9gales"}]},{"@type":"WebSite","@id":"https:\/\/swissgoldplan.com\/fr\/#website","url":"https:\/\/swissgoldplan.com\/fr\/","name":"swissgoldplan SA","description":"Faites travailler votre or pour vous. Achetez de l'or en Suisse, empruntez-le et gagnez des int\u00e9r\u00eats de pr\u00eat. ","publisher":{"@id":"https:\/\/swissgoldplan.com\/fr\/#organization"},"potentialAction":[{"@type":"SearchAction","target":{"@type":"EntryPoint","urlTemplate":"https:\/\/swissgoldplan.com\/fr\/?s={search_term_string}"},"query-input":{"@type":"PropertyValueSpecification","valueRequired":true,"valueName":"search_term_string"}}],"inLanguage":"fr-FR"},{"@type":"Organization","@id":"https:\/\/swissgoldplan.com\/fr\/#organization","name":"swissgoldplan SA","alternateName":"swissgoldplan SA","url":"https:\/\/swissgoldplan.com\/fr\/","logo":{"@type":"ImageObject","inLanguage":"fr-FR","@id":"https:\/\/swissgoldplan.com\/fr\/#\/schema\/logo\/image\/","url":"https:\/\/swissgoldplan.com\/wp-content\/uploads\/2023\/02\/logo_swissgoldplan-1.png","contentUrl":"https:\/\/swissgoldplan.com\/wp-content\/uploads\/2023\/02\/logo_swissgoldplan-1.png","width":1620,"height":1000,"caption":"swissgoldplan SA"},"image":{"@id":"https:\/\/swissgoldplan.com\/fr\/#\/schema\/logo\/image\/"},"sameAs":["https:\/\/www.linkedin.com\/company\/swissgoldplan-sa\/?viewAsMember=true"]}]}},"_links":{"self":[{"href":"https:\/\/swissgoldplan.com\/fr\/wp-json\/wp\/v2\/pages\/3930","targetHints":{"allow":["GET"]}}],"collection":[{"href":"https:\/\/swissgoldplan.com\/fr\/wp-json\/wp\/v2\/pages"}],"about":[{"href":"https:\/\/swissgoldplan.com\/fr\/wp-json\/wp\/v2\/types\/page"}],"author":[{"embeddable":true,"href":"https:\/\/swissgoldplan.com\/fr\/wp-json\/wp\/v2\/users\/1"}],"replies":[{"embeddable":true,"href":"https:\/\/swissgoldplan.com\/fr\/wp-json\/wp\/v2\/comments?post=3930"}],"version-history":[{"count":4,"href":"https:\/\/swissgoldplan.com\/fr\/wp-json\/wp\/v2\/pages\/3930\/revisions"}],"predecessor-version":[{"id":4580,"href":"https:\/\/swissgoldplan.com\/fr\/wp-json\/wp\/v2\/pages\/3930\/revisions\/4580"}],"wp:attachment":[{"href":"https:\/\/swissgoldplan.com\/fr\/wp-json\/wp\/v2\/media?parent=3930"}],"curies":[{"name":"wp","href":"https:\/\/api.w.org\/{rel}","templated":true}]}}