{"id":3927,"date":"2023-04-11T13:30:40","date_gmt":"2023-04-11T13:30:40","guid":{"rendered":"https:\/\/swissgoldplan.com\/produit-plan\/"},"modified":"2025-06-16T10:40:37","modified_gmt":"2025-06-16T10:40:37","slug":"produit-plan","status":"publish","type":"page","link":"https:\/\/swissgoldplan.com\/fr\/produit-plan\/","title":{"rendered":"Produit Plan"},"content":{"rendered":"\t\t<div data-elementor-type=\"wp-page\" data-elementor-id=\"3927\" class=\"elementor elementor-3927 elementor-2241\" data-elementor-post-type=\"page\">\n\t\t\t\t\t\t<section class=\"elementor-section elementor-top-section elementor-element elementor-element-08de840 elementor-section-full_width elementor-section-height-min-height tablet_drei elementor-section-height-default elementor-section-items-middle\" data-id=\"08de840\" data-element_type=\"section\" data-e-type=\"section\" data-settings=\"{&quot;background_background&quot;:&quot;classic&quot;}\">\n\t\t\t\t\t\t<div class=\"elementor-container elementor-column-gap-default\">\n\t\t\t\t\t<div class=\"elementor-column elementor-col-100 elementor-top-column elementor-element elementor-element-437666c\" data-id=\"437666c\" data-element_type=\"column\" data-e-type=\"column\">\n\t\t\t<div class=\"elementor-widget-wrap elementor-element-populated\">\n\t\t\t\t\t\t<section class=\"elementor-section elementor-inner-section elementor-element elementor-element-57acb6b elementor-section-full_width elementor-section-height-default elementor-section-height-default\" data-id=\"57acb6b\" data-element_type=\"section\" data-e-type=\"section\">\n\t\t\t\t\t\t<div class=\"elementor-container elementor-column-gap-default\">\n\t\t\t\t\t<div class=\"elementor-column elementor-col-50 elementor-inner-column elementor-element elementor-element-b653737\" data-id=\"b653737\" data-element_type=\"column\" data-e-type=\"column\">\n\t\t\t<div class=\"elementor-widget-wrap elementor-element-populated\">\n\t\t\t\t\t\t<div class=\"elementor-element elementor-element-3805439 tracking-in-contract elementor-widget elementor-widget-heading\" data-id=\"3805439\" data-element_type=\"widget\" data-e-type=\"widget\" data-widget_type=\"heading.default\">\n\t\t\t\t<div class=\"elementor-widget-container\">\n\t\t\t\t\t<h1 class=\"elementor-heading-title elementor-size-default\">Plan<\/h1>\t\t\t\t<\/div>\n\t\t\t\t<\/div>\n\t\t\t\t<div class=\"elementor-element elementor-element-445f447 elementor-widget elementor-widget-heading\" data-id=\"445f447\" data-element_type=\"widget\" data-e-type=\"widget\" data-widget_type=\"heading.default\">\n\t\t\t\t<div class=\"elementor-widget-container\">\n\t\t\t\t\t<h2 class=\"elementor-heading-title elementor-size-default\">Votre or travaille pour vous.\n<\/h2>\t\t\t\t<\/div>\n\t\t\t\t<\/div>\n\t\t\t\t<div class=\"elementor-element elementor-element-1b8c154 elementor-widget-tablet__width-initial elementor-widget elementor-widget-text-editor\" data-id=\"1b8c154\" data-element_type=\"widget\" data-e-type=\"widget\" data-widget_type=\"text-editor.default\">\n\t\t\t\t<div class=\"elementor-widget-container\">\n\t\t\t\t\t\t\t\t\t<p style=\"font-weight: 400;\">Vous achetez de l&rsquo;or physique ou apportez des lingots d&rsquo;or existants et pr\u00eatez votre or \u00e0 notre fabricant de m\u00e9taux pr\u00e9cieux PX PRECINOX. Votre or est consid\u00e9r\u00e9 comme &lsquo;stock d&rsquo;outils&rsquo; et se trouve en permanence dans la production hautement s\u00e9curis\u00e9e de PX PRECINOX.<\/p><p style=\"font-weight: 400;\">Pour le pr\u00eat, vous recevez un int\u00e9r\u00eat de pr\u00eat.<\/p>\t\t\t\t\t\t\t\t<\/div>\n\t\t\t\t<\/div>\n\t\t\t\t<div class=\"elementor-element elementor-element-c313243 direkt-link1 elementor-widget elementor-widget-button\" data-id=\"c313243\" data-element_type=\"widget\" data-e-type=\"widget\" data-widget_type=\"button.default\">\n\t\t\t\t<div class=\"elementor-widget-container\">\n\t\t\t\t\t\t\t\t\t<div class=\"elementor-button-wrapper\">\n\t\t\t\t\t<a class=\"elementor-button elementor-button-link elementor-size-sm\" href=\"https:\/\/swissgoldplan.com\/wp-content\/uploads\/2023\/08\/Spezifikation_PLAN_Privat_V1.2.pdf\" target=\"_blank\">\n\t\t\t\t\t\t<span class=\"elementor-button-content-wrapper\">\n\t\t\t\t\t\t\t\t\t<span class=\"elementor-button-text\">Sp\u00e9cification d\u00e9taill\u00e9e (pdf)<\/span>\n\t\t\t\t\t<\/span>\n\t\t\t\t\t<\/a>\n\t\t\t\t<\/div>\n\t\t\t\t\t\t\t\t<\/div>\n\t\t\t\t<\/div>\n\t\t\t\t\t<\/div>\n\t\t<\/div>\n\t\t\t\t<div class=\"elementor-column elementor-col-50 elementor-inner-column elementor-element elementor-element-3e675ec 1\" data-id=\"3e675ec\" data-element_type=\"column\" data-e-type=\"column\">\n\t\t\t<div class=\"elementor-widget-wrap elementor-element-populated\">\n\t\t\t\t\t\t<div class=\"elementor-element elementor-element-ca680a4 elementor-widget elementor-widget-image\" data-id=\"ca680a4\" data-element_type=\"widget\" data-e-type=\"widget\" data-widget_type=\"image.default\">\n\t\t\t\t<div class=\"elementor-widget-container\">\n\t\t\t\t\t\t\t\t\t\t\t\t\t\t\t<img decoding=\"async\" src=\"https:\/\/swissgoldplan.com\/wp-content\/uploads\/elementor\/thumbs\/gold_NEU-2-rkfp63jfhypbit52vf2u40txe7mgq21p2561is1tkw.webp\" title=\"gold_NEU\" alt=\"gold_NEU\" loading=\"lazy\" \/>\t\t\t\t\t\t\t\t\t\t\t\t\t\t\t<\/div>\n\t\t\t\t<\/div>\n\t\t\t\t\t<\/div>\n\t\t<\/div>\n\t\t\t\t\t<\/div>\n\t\t<\/section>\n\t\t\t\t<section class=\"elementor-section elementor-inner-section elementor-element elementor-element-874ebdb elementor-section-full_width elementor-section-height-default elementor-section-height-default\" data-id=\"874ebdb\" data-element_type=\"section\" data-e-type=\"section\">\n\t\t\t\t\t\t<div class=\"elementor-container elementor-column-gap-default\">\n\t\t\t\t\t<div class=\"elementor-column elementor-col-33 elementor-inner-column elementor-element elementor-element-a89e111\" data-id=\"a89e111\" data-element_type=\"column\" data-e-type=\"column\" data-settings=\"{&quot;background_background&quot;:&quot;classic&quot;}\">\n\t\t\t<div class=\"elementor-widget-wrap elementor-element-populated\">\n\t\t\t\t\t\t<div class=\"elementor-element elementor-element-357bb9f elementor-widget elementor-widget-image\" data-id=\"357bb9f\" data-element_type=\"widget\" data-e-type=\"widget\" data-widget_type=\"image.default\">\n\t\t\t\t<div class=\"elementor-widget-container\">\n\t\t\t\t\t\t\t\t\t\t\t\t\t\t\t<img decoding=\"async\" src=\"https:\/\/swissgoldplan.com\/wp-content\/uploads\/elementor\/thumbs\/gold_icon-rkfp3fnw4uzklkphcjg2ifcv3zkjb0rv9mg1nja6tc.webp\" title=\"gold_icon\" alt=\"gold_icon\" loading=\"lazy\" \/>\t\t\t\t\t\t\t\t\t\t\t\t\t\t\t<\/div>\n\t\t\t\t<\/div>\n\t\t\t\t<div class=\"elementor-element elementor-element-f39cea7 elementor-widget elementor-widget-heading\" data-id=\"f39cea7\" data-element_type=\"widget\" data-e-type=\"widget\" data-widget_type=\"heading.default\">\n\t\t\t\t<div class=\"elementor-widget-container\">\n\t\t\t\t\t<h3 class=\"elementor-heading-title elementor-size-default\">Quantit\u00e9 d'or<\/h3>\t\t\t\t<\/div>\n\t\t\t\t<\/div>\n\t\t\t\t<div class=\"elementor-element elementor-element-b78e484 elementor-widget elementor-widget-text-editor\" data-id=\"b78e484\" data-element_type=\"widget\" data-e-type=\"widget\" data-widget_type=\"text-editor.default\">\n\t\t\t\t<div class=\"elementor-widget-container\">\n\t\t\t\t\t\t\t\t\t<p>Vous choisissez la quantit\u00e9.<\/p><p>Vous achetez de l&rsquo;or pour une certaine somme d&rsquo;argent ou vous apportez des lingots ou des pi\u00e8ces d&rsquo;or existants.<\/p>\t\t\t\t\t\t\t\t<\/div>\n\t\t\t\t<\/div>\n\t\t\t\t\t<\/div>\n\t\t<\/div>\n\t\t\t\t<div class=\"elementor-column elementor-col-33 elementor-inner-column elementor-element elementor-element-3c8f3a9\" data-id=\"3c8f3a9\" data-element_type=\"column\" data-e-type=\"column\" data-settings=\"{&quot;background_background&quot;:&quot;classic&quot;}\">\n\t\t\t<div class=\"elementor-widget-wrap elementor-element-populated\">\n\t\t\t\t\t\t<div class=\"elementor-element elementor-element-5492035 elementor-widget elementor-widget-image\" data-id=\"5492035\" data-element_type=\"widget\" data-e-type=\"widget\" data-widget_type=\"image.default\">\n\t\t\t\t<div class=\"elementor-widget-container\">\n\t\t\t\t\t\t\t\t\t\t\t\t\t\t\t<img decoding=\"async\" src=\"https:\/\/swissgoldplan.com\/wp-content\/uploads\/elementor\/thumbs\/buy_icon_produkte-rkfp3ayp6ot4ziwb3zexnyjk527p8j97kz6m95h5og.webp\" title=\"buy_icon_produkte\" alt=\"buy_icon_produkte\" loading=\"lazy\" \/>\t\t\t\t\t\t\t\t\t\t\t\t\t\t\t<\/div>\n\t\t\t\t<\/div>\n\t\t\t\t<div class=\"elementor-element elementor-element-23fc326 elementor-widget elementor-widget-heading\" data-id=\"23fc326\" data-element_type=\"widget\" data-e-type=\"widget\" data-widget_type=\"heading.default\">\n\t\t\t\t<div class=\"elementor-widget-container\">\n\t\t\t\t\t<h3 class=\"elementor-heading-title elementor-size-default\">Achat et vente<\/h3>\t\t\t\t<\/div>\n\t\t\t\t<\/div>\n\t\t\t\t<div class=\"elementor-element elementor-element-1e890fd elementor-widget elementor-widget-text-editor\" data-id=\"1e890fd\" data-element_type=\"widget\" data-e-type=\"widget\" data-widget_type=\"text-editor.default\">\n\t\t\t\t<div class=\"elementor-widget-container\">\n\t\t\t\t\t\t\t\t\t<p>Le 26 de chaque mois, nous achetons ou vendons de l&rsquo;or pour vous.<\/p><p>Les achats et les ventes extraordinaires d\u00e9pendent de la quantit\u00e9 d&rsquo;or que vous souhaitez acheter ou vendre.<\/p><p>Vous pouvez vendre votre or \u00e0 tout moment (le 26 du mois) ou le retirer sous forme de lingots physiques.<\/p>\t\t\t\t\t\t\t\t<\/div>\n\t\t\t\t<\/div>\n\t\t\t\t\t<\/div>\n\t\t<\/div>\n\t\t\t\t<div class=\"elementor-column elementor-col-33 elementor-inner-column elementor-element elementor-element-27a7b02\" data-id=\"27a7b02\" data-element_type=\"column\" data-e-type=\"column\" data-settings=\"{&quot;background_background&quot;:&quot;classic&quot;}\">\n\t\t\t<div class=\"elementor-widget-wrap elementor-element-populated\">\n\t\t\t\t\t\t<div class=\"elementor-element elementor-element-11d76e7 elementor-widget elementor-widget-image\" data-id=\"11d76e7\" data-element_type=\"widget\" data-e-type=\"widget\" data-widget_type=\"image.default\">\n\t\t\t\t<div class=\"elementor-widget-container\">\n\t\t\t\t\t\t\t\t\t\t\t\t\t\t\t<img decoding=\"async\" src=\"https:\/\/swissgoldplan.com\/wp-content\/uploads\/elementor\/thumbs\/preis_icon_produkte-rkfp2yqspucesle23c4s9jmkf1vxggwp7apb0jz9xc.webp\" title=\"preis_icon_produkte\" alt=\"preis_icon_produkte\" loading=\"lazy\" \/>\t\t\t\t\t\t\t\t\t\t\t\t\t\t\t<\/div>\n\t\t\t\t<\/div>\n\t\t\t\t<div class=\"elementor-element elementor-element-f706b4d elementor-widget elementor-widget-heading\" data-id=\"f706b4d\" data-element_type=\"widget\" data-e-type=\"widget\" data-widget_type=\"heading.default\">\n\t\t\t\t<div class=\"elementor-widget-container\">\n\t\t\t\t\t<h3 class=\"elementor-heading-title elementor-size-default\">Prix de l'or<\/h3>\t\t\t\t<\/div>\n\t\t\t\t<\/div>\n\t\t\t\t<div class=\"elementor-element elementor-element-2403178 elementor-widget elementor-widget-text-editor\" data-id=\"2403178\" data-element_type=\"widget\" data-e-type=\"widget\" data-widget_type=\"text-editor.default\">\n\t\t\t\t<div class=\"elementor-widget-container\">\n\t\t\t\t\t\t\t\t\t<p>Le prix est bas\u00e9 sur un lingot d&rsquo;un kilogramme et une puret\u00e9 de 999.9.<\/p><p>Il est achet\u00e9 et vendu au prix auquel il est n\u00e9goci\u00e9 le jour de l&rsquo;achat ou de la vente.<\/p>\t\t\t\t\t\t\t\t<\/div>\n\t\t\t\t<\/div>\n\t\t\t\t\t<\/div>\n\t\t<\/div>\n\t\t\t\t\t<\/div>\n\t\t<\/section>\n\t\t\t\t<div class=\"elementor-element elementor-element-8efbed6 elementor-align-center elementor-widget elementor-widget-button\" data-id=\"8efbed6\" data-element_type=\"widget\" data-e-type=\"widget\" data-widget_type=\"button.default\">\n\t\t\t\t<div class=\"elementor-widget-container\">\n\t\t\t\t\t\t\t\t\t<div class=\"elementor-button-wrapper\">\n\t\t\t\t\t<a class=\"elementor-button elementor-button-link elementor-size-sm elementor-animation-grow\" href=\"https:\/\/swissgoldplan.com\/swissgoldplan-web\/new-account.xhtml\" target=\"_blank\">\n\t\t\t\t\t\t<span class=\"elementor-button-content-wrapper\">\n\t\t\t\t\t\t\t\t\t<span class=\"elementor-button-text\">S'inscrire maintenant<\/span>\n\t\t\t\t\t<\/span>\n\t\t\t\t\t<\/a>\n\t\t\t\t<\/div>\n\t\t\t\t\t\t\t\t<\/div>\n\t\t\t\t<\/div>\n\t\t\t\t\t<\/div>\n\t\t<\/div>\n\t\t\t\t\t<\/div>\n\t\t<\/section>\n\t\t\t\t<\/div>\n\t\t","protected":false},"excerpt":{"rendered":"<p>Plan Votre or travaille pour vous. Vous achetez de l&rsquo;or physique ou apportez des lingots d&rsquo;or existants et pr\u00eatez votre or \u00e0 notre fabricant de m\u00e9taux pr\u00e9cieux PX PRECINOX. Votre or est consid\u00e9r\u00e9 comme &lsquo;stock d&rsquo;outils&rsquo; et se trouve en permanence dans la production hautement s\u00e9curis\u00e9e de PX PRECINOX. Pour le pr\u00eat, vous recevez un [&hellip;]<\/p>\n","protected":false},"author":1,"featured_media":0,"parent":0,"menu_order":0,"comment_status":"closed","ping_status":"closed","template":"","meta":{"footnotes":""},"class_list":["post-3927","page","type-page","status-publish","hentry"],"yoast_head":"<!-- This site is optimized with the Yoast SEO plugin v27.4 - https:\/\/yoast.com\/product\/yoast-seo-wordpress\/ -->\n<title>Produit Plan - swissgoldplan SA<\/title>\n<meta name=\"description\" content=\"Faites travailler votre or. Vous achetez de l&#039;or physique ou apportez des lingots d&#039;or et pr\u00eatez votre or \u00e0 notre producteur de m\u00e9taux pr\u00e9cieux PX PRECINOX.\" \/>\n<meta name=\"robots\" content=\"index, follow, max-snippet:-1, max-image-preview:large, max-video-preview:-1\" \/>\n<link rel=\"canonical\" href=\"https:\/\/swissgoldplan.com\/fr\/produit-plan\/\" \/>\n<meta property=\"og:locale\" content=\"fr_FR\" \/>\n<meta property=\"og:type\" content=\"article\" \/>\n<meta property=\"og:title\" content=\"Produit Plan - swissgoldplan SA\" \/>\n<meta property=\"og:description\" content=\"Faites travailler votre or. Vous achetez de l&#039;or physique ou apportez des lingots d&#039;or et pr\u00eatez votre or \u00e0 notre producteur de m\u00e9taux pr\u00e9cieux PX PRECINOX.\" \/>\n<meta property=\"og:url\" content=\"https:\/\/swissgoldplan.com\/fr\/produit-plan\/\" \/>\n<meta property=\"og:site_name\" content=\"swissgoldplan SA\" \/>\n<meta property=\"article:modified_time\" content=\"2025-06-16T10:40:37+00:00\" \/>\n<meta property=\"og:image\" content=\"https:\/\/swissgoldplan.com\/wp-content\/uploads\/elementor\/thumbs\/gold_NEU-2-q5akumoqkdd5ue4m5r5lze6c4qr9qfbdlw0wrbnksg.png\" \/>\n<meta name=\"twitter:card\" content=\"summary_large_image\" \/>\n<meta name=\"twitter:label1\" content=\"Dur\u00e9e de lecture estim\u00e9e\" \/>\n\t<meta name=\"twitter:data1\" content=\"1 minute\" \/>\n<script type=\"application\/ld+json\" class=\"yoast-schema-graph\">{\"@context\":\"https:\\\/\\\/schema.org\",\"@graph\":[{\"@type\":\"WebPage\",\"@id\":\"https:\\\/\\\/swissgoldplan.com\\\/fr\\\/produit-plan\\\/\",\"url\":\"https:\\\/\\\/swissgoldplan.com\\\/fr\\\/produit-plan\\\/\",\"name\":\"Produit Plan - swissgoldplan SA\",\"isPartOf\":{\"@id\":\"https:\\\/\\\/swissgoldplan.com\\\/fr\\\/#website\"},\"primaryImageOfPage\":{\"@id\":\"https:\\\/\\\/swissgoldplan.com\\\/fr\\\/produit-plan\\\/#primaryimage\"},\"image\":{\"@id\":\"https:\\\/\\\/swissgoldplan.com\\\/fr\\\/produit-plan\\\/#primaryimage\"},\"thumbnailUrl\":\"https:\\\/\\\/swissgoldplan.com\\\/wp-content\\\/uploads\\\/elementor\\\/thumbs\\\/gold_NEU-2-q5akumoqkdd5ue4m5r5lze6c4qr9qfbdlw0wrbnksg.png\",\"datePublished\":\"2023-04-11T13:30:40+00:00\",\"dateModified\":\"2025-06-16T10:40:37+00:00\",\"description\":\"Faites travailler votre or. Vous achetez de l'or physique ou apportez des lingots d'or et pr\u00eatez votre or \u00e0 notre producteur de m\u00e9taux pr\u00e9cieux PX PRECINOX.\",\"breadcrumb\":{\"@id\":\"https:\\\/\\\/swissgoldplan.com\\\/fr\\\/produit-plan\\\/#breadcrumb\"},\"inLanguage\":\"fr-FR\",\"potentialAction\":[{\"@type\":\"ReadAction\",\"target\":[\"https:\\\/\\\/swissgoldplan.com\\\/fr\\\/produit-plan\\\/\"]}]},{\"@type\":\"ImageObject\",\"inLanguage\":\"fr-FR\",\"@id\":\"https:\\\/\\\/swissgoldplan.com\\\/fr\\\/produit-plan\\\/#primaryimage\",\"url\":\"https:\\\/\\\/swissgoldplan.com\\\/wp-content\\\/uploads\\\/elementor\\\/thumbs\\\/gold_NEU-2-q5akumoqkdd5ue4m5r5lze6c4qr9qfbdlw0wrbnksg.png\",\"contentUrl\":\"https:\\\/\\\/swissgoldplan.com\\\/wp-content\\\/uploads\\\/elementor\\\/thumbs\\\/gold_NEU-2-q5akumoqkdd5ue4m5r5lze6c4qr9qfbdlw0wrbnksg.png\"},{\"@type\":\"BreadcrumbList\",\"@id\":\"https:\\\/\\\/swissgoldplan.com\\\/fr\\\/produit-plan\\\/#breadcrumb\",\"itemListElement\":[{\"@type\":\"ListItem\",\"position\":1,\"name\":\"Accueil\",\"item\":\"https:\\\/\\\/swissgoldplan.com\\\/fr\\\/\"},{\"@type\":\"ListItem\",\"position\":2,\"name\":\"Produit Plan\"}]},{\"@type\":\"WebSite\",\"@id\":\"https:\\\/\\\/swissgoldplan.com\\\/fr\\\/#website\",\"url\":\"https:\\\/\\\/swissgoldplan.com\\\/fr\\\/\",\"name\":\"swissgoldplan SA\",\"description\":\"Faites travailler votre or pour vous. Achetez de l'or en Suisse, empruntez-le et gagnez des int\u00e9r\u00eats de pr\u00eat. \",\"publisher\":{\"@id\":\"https:\\\/\\\/swissgoldplan.com\\\/fr\\\/#organization\"},\"potentialAction\":[{\"@type\":\"SearchAction\",\"target\":{\"@type\":\"EntryPoint\",\"urlTemplate\":\"https:\\\/\\\/swissgoldplan.com\\\/fr\\\/?s={search_term_string}\"},\"query-input\":{\"@type\":\"PropertyValueSpecification\",\"valueRequired\":true,\"valueName\":\"search_term_string\"}}],\"inLanguage\":\"fr-FR\"},{\"@type\":\"Organization\",\"@id\":\"https:\\\/\\\/swissgoldplan.com\\\/fr\\\/#organization\",\"name\":\"swissgoldplan SA\",\"alternateName\":\"swissgoldplan SA\",\"url\":\"https:\\\/\\\/swissgoldplan.com\\\/fr\\\/\",\"logo\":{\"@type\":\"ImageObject\",\"inLanguage\":\"fr-FR\",\"@id\":\"https:\\\/\\\/swissgoldplan.com\\\/fr\\\/#\\\/schema\\\/logo\\\/image\\\/\",\"url\":\"https:\\\/\\\/swissgoldplan.com\\\/wp-content\\\/uploads\\\/2023\\\/02\\\/logo_swissgoldplan-1.png\",\"contentUrl\":\"https:\\\/\\\/swissgoldplan.com\\\/wp-content\\\/uploads\\\/2023\\\/02\\\/logo_swissgoldplan-1.png\",\"width\":1620,\"height\":1000,\"caption\":\"swissgoldplan SA\"},\"image\":{\"@id\":\"https:\\\/\\\/swissgoldplan.com\\\/fr\\\/#\\\/schema\\\/logo\\\/image\\\/\"},\"sameAs\":[\"https:\\\/\\\/www.linkedin.com\\\/company\\\/swissgoldplan-sa\\\/?viewAsMember=true\"]}]}<\/script>\n<!-- \/ Yoast SEO plugin. -->","yoast_head_json":{"title":"Produit Plan - swissgoldplan SA","description":"Faites travailler votre or. Vous achetez de l'or physique ou apportez des lingots d'or et pr\u00eatez votre or \u00e0 notre producteur de m\u00e9taux pr\u00e9cieux PX PRECINOX.","robots":{"index":"index","follow":"follow","max-snippet":"max-snippet:-1","max-image-preview":"max-image-preview:large","max-video-preview":"max-video-preview:-1"},"canonical":"https:\/\/swissgoldplan.com\/fr\/produit-plan\/","og_locale":"fr_FR","og_type":"article","og_title":"Produit Plan - swissgoldplan SA","og_description":"Faites travailler votre or. Vous achetez de l'or physique ou apportez des lingots d'or et pr\u00eatez votre or \u00e0 notre producteur de m\u00e9taux pr\u00e9cieux PX PRECINOX.","og_url":"https:\/\/swissgoldplan.com\/fr\/produit-plan\/","og_site_name":"swissgoldplan SA","article_modified_time":"2025-06-16T10:40:37+00:00","og_image":[{"url":"https:\/\/swissgoldplan.com\/wp-content\/uploads\/elementor\/thumbs\/gold_NEU-2-q5akumoqkdd5ue4m5r5lze6c4qr9qfbdlw0wrbnksg.png","type":"","width":"","height":""}],"twitter_card":"summary_large_image","twitter_misc":{"Dur\u00e9e de lecture estim\u00e9e":"1 minute"},"schema":{"@context":"https:\/\/schema.org","@graph":[{"@type":"WebPage","@id":"https:\/\/swissgoldplan.com\/fr\/produit-plan\/","url":"https:\/\/swissgoldplan.com\/fr\/produit-plan\/","name":"Produit Plan - swissgoldplan SA","isPartOf":{"@id":"https:\/\/swissgoldplan.com\/fr\/#website"},"primaryImageOfPage":{"@id":"https:\/\/swissgoldplan.com\/fr\/produit-plan\/#primaryimage"},"image":{"@id":"https:\/\/swissgoldplan.com\/fr\/produit-plan\/#primaryimage"},"thumbnailUrl":"https:\/\/swissgoldplan.com\/wp-content\/uploads\/elementor\/thumbs\/gold_NEU-2-q5akumoqkdd5ue4m5r5lze6c4qr9qfbdlw0wrbnksg.png","datePublished":"2023-04-11T13:30:40+00:00","dateModified":"2025-06-16T10:40:37+00:00","description":"Faites travailler votre or. Vous achetez de l'or physique ou apportez des lingots d'or et pr\u00eatez votre or \u00e0 notre producteur de m\u00e9taux pr\u00e9cieux PX PRECINOX.","breadcrumb":{"@id":"https:\/\/swissgoldplan.com\/fr\/produit-plan\/#breadcrumb"},"inLanguage":"fr-FR","potentialAction":[{"@type":"ReadAction","target":["https:\/\/swissgoldplan.com\/fr\/produit-plan\/"]}]},{"@type":"ImageObject","inLanguage":"fr-FR","@id":"https:\/\/swissgoldplan.com\/fr\/produit-plan\/#primaryimage","url":"https:\/\/swissgoldplan.com\/wp-content\/uploads\/elementor\/thumbs\/gold_NEU-2-q5akumoqkdd5ue4m5r5lze6c4qr9qfbdlw0wrbnksg.png","contentUrl":"https:\/\/swissgoldplan.com\/wp-content\/uploads\/elementor\/thumbs\/gold_NEU-2-q5akumoqkdd5ue4m5r5lze6c4qr9qfbdlw0wrbnksg.png"},{"@type":"BreadcrumbList","@id":"https:\/\/swissgoldplan.com\/fr\/produit-plan\/#breadcrumb","itemListElement":[{"@type":"ListItem","position":1,"name":"Accueil","item":"https:\/\/swissgoldplan.com\/fr\/"},{"@type":"ListItem","position":2,"name":"Produit Plan"}]},{"@type":"WebSite","@id":"https:\/\/swissgoldplan.com\/fr\/#website","url":"https:\/\/swissgoldplan.com\/fr\/","name":"swissgoldplan SA","description":"Faites travailler votre or pour vous. Achetez de l'or en Suisse, empruntez-le et gagnez des int\u00e9r\u00eats de pr\u00eat. ","publisher":{"@id":"https:\/\/swissgoldplan.com\/fr\/#organization"},"potentialAction":[{"@type":"SearchAction","target":{"@type":"EntryPoint","urlTemplate":"https:\/\/swissgoldplan.com\/fr\/?s={search_term_string}"},"query-input":{"@type":"PropertyValueSpecification","valueRequired":true,"valueName":"search_term_string"}}],"inLanguage":"fr-FR"},{"@type":"Organization","@id":"https:\/\/swissgoldplan.com\/fr\/#organization","name":"swissgoldplan SA","alternateName":"swissgoldplan SA","url":"https:\/\/swissgoldplan.com\/fr\/","logo":{"@type":"ImageObject","inLanguage":"fr-FR","@id":"https:\/\/swissgoldplan.com\/fr\/#\/schema\/logo\/image\/","url":"https:\/\/swissgoldplan.com\/wp-content\/uploads\/2023\/02\/logo_swissgoldplan-1.png","contentUrl":"https:\/\/swissgoldplan.com\/wp-content\/uploads\/2023\/02\/logo_swissgoldplan-1.png","width":1620,"height":1000,"caption":"swissgoldplan SA"},"image":{"@id":"https:\/\/swissgoldplan.com\/fr\/#\/schema\/logo\/image\/"},"sameAs":["https:\/\/www.linkedin.com\/company\/swissgoldplan-sa\/?viewAsMember=true"]}]}},"_links":{"self":[{"href":"https:\/\/swissgoldplan.com\/fr\/wp-json\/wp\/v2\/pages\/3927","targetHints":{"allow":["GET"]}}],"collection":[{"href":"https:\/\/swissgoldplan.com\/fr\/wp-json\/wp\/v2\/pages"}],"about":[{"href":"https:\/\/swissgoldplan.com\/fr\/wp-json\/wp\/v2\/types\/page"}],"author":[{"embeddable":true,"href":"https:\/\/swissgoldplan.com\/fr\/wp-json\/wp\/v2\/users\/1"}],"replies":[{"embeddable":true,"href":"https:\/\/swissgoldplan.com\/fr\/wp-json\/wp\/v2\/comments?post=3927"}],"version-history":[{"count":2,"href":"https:\/\/swissgoldplan.com\/fr\/wp-json\/wp\/v2\/pages\/3927\/revisions"}],"predecessor-version":[{"id":5080,"href":"https:\/\/swissgoldplan.com\/fr\/wp-json\/wp\/v2\/pages\/3927\/revisions\/5080"}],"wp:attachment":[{"href":"https:\/\/swissgoldplan.com\/fr\/wp-json\/wp\/v2\/media?parent=3927"}],"curies":[{"name":"wp","href":"https:\/\/api.w.org\/{rel}","templated":true}]}}