{"id":3924,"date":"2023-04-11T13:31:26","date_gmt":"2023-04-11T13:31:26","guid":{"rendered":"https:\/\/swissgoldplan.com\/produit-deposit\/"},"modified":"2025-06-16T10:40:37","modified_gmt":"2025-06-16T10:40:37","slug":"produit-deposit","status":"publish","type":"page","link":"https:\/\/swissgoldplan.com\/fr\/produit-deposit\/","title":{"rendered":"Produit Deposit"},"content":{"rendered":"\t\t<div data-elementor-type=\"wp-page\" data-elementor-id=\"3924\" class=\"elementor elementor-3924 elementor-2245\" data-elementor-post-type=\"page\">\n\t\t\t\t\t\t<section class=\"elementor-section elementor-top-section elementor-element elementor-element-159116f elementor-section-full_width elementor-section-height-min-height elementor-section-height-default elementor-section-items-middle\" data-id=\"159116f\" data-element_type=\"section\" data-e-type=\"section\" data-settings=\"{&quot;background_background&quot;:&quot;classic&quot;}\">\n\t\t\t\t\t\t<div class=\"elementor-container elementor-column-gap-default\">\n\t\t\t\t\t<div class=\"elementor-column elementor-col-100 elementor-top-column elementor-element elementor-element-a77c900\" data-id=\"a77c900\" data-element_type=\"column\" data-e-type=\"column\">\n\t\t\t<div class=\"elementor-widget-wrap elementor-element-populated\">\n\t\t\t\t\t\t<section class=\"elementor-section elementor-inner-section elementor-element elementor-element-8a2730a elementor-section-full_width elementor-section-height-default elementor-section-height-default\" data-id=\"8a2730a\" data-element_type=\"section\" data-e-type=\"section\">\n\t\t\t\t\t\t<div class=\"elementor-container elementor-column-gap-default\">\n\t\t\t\t\t<div class=\"elementor-column elementor-col-50 elementor-inner-column elementor-element elementor-element-eced780\" data-id=\"eced780\" data-element_type=\"column\" data-e-type=\"column\">\n\t\t\t<div class=\"elementor-widget-wrap elementor-element-populated\">\n\t\t\t\t\t\t<div class=\"elementor-element elementor-element-9ccb7f6 tracking-in-contract elementor-widget elementor-widget-heading\" data-id=\"9ccb7f6\" data-element_type=\"widget\" data-e-type=\"widget\" data-widget_type=\"heading.default\">\n\t\t\t\t<div class=\"elementor-widget-container\">\n\t\t\t\t\t<h1 class=\"elementor-heading-title elementor-size-default\">Deposit<\/h1>\t\t\t\t<\/div>\n\t\t\t\t<\/div>\n\t\t\t\t<div class=\"elementor-element elementor-element-2a9cf5e elementor-widget elementor-widget-heading\" data-id=\"2a9cf5e\" data-element_type=\"widget\" data-e-type=\"widget\" data-widget_type=\"heading.default\">\n\t\t\t\t<div class=\"elementor-widget-container\">\n\t\t\t\t\t<h2 class=\"elementor-heading-title elementor-size-default\">Votre or est stock\u00e9 dans un coffre-fort de haute s\u00e9curit\u00e9.  <\/h2>\t\t\t\t<\/div>\n\t\t\t\t<\/div>\n\t\t\t\t<div class=\"elementor-element elementor-element-3e385f4 elementor-widget-tablet__width-initial elementor-widget elementor-widget-text-editor\" data-id=\"3e385f4\" data-element_type=\"widget\" data-e-type=\"widget\" data-widget_type=\"text-editor.default\">\n\t\t\t\t<div class=\"elementor-widget-container\">\n\t\t\t\t\t\t\t\t\t<p>Vous choisissez la quantit\u00e9. La quantit\u00e9 minimale de d\u00e9p\u00f4t est de 25 kg.<\/p><p>Vous achetez de l&rsquo;or pour une certaine somme d&rsquo;argent ou vous apportez des lingots ou des pi\u00e8ces d&rsquo;or existants.<\/p><p>Leur rendement est constitu\u00e9 de plus-values attendues. L&rsquo;or conserve sa valeur intrins\u00e8que \u00e0 long terme et sert de r\u00e9serve de valeur fiable. Important pour vous : les pertes et les gains de cours font partie de l&rsquo;\u00e9volution du march\u00e9.<\/p>\t\t\t\t\t\t\t\t<\/div>\n\t\t\t\t<\/div>\n\t\t\t\t\t<\/div>\n\t\t<\/div>\n\t\t\t\t<div class=\"elementor-column elementor-col-50 elementor-inner-column elementor-element elementor-element-22cf6fb 1\" data-id=\"22cf6fb\" data-element_type=\"column\" data-e-type=\"column\">\n\t\t\t<div class=\"elementor-widget-wrap elementor-element-populated\">\n\t\t\t\t\t\t<div class=\"elementor-element elementor-element-416f54d elementor-widget elementor-widget-image\" data-id=\"416f54d\" data-element_type=\"widget\" data-e-type=\"widget\" data-widget_type=\"image.default\">\n\t\t\t\t<div class=\"elementor-widget-container\">\n\t\t\t\t\t\t\t\t\t\t\t\t\t\t\t<img decoding=\"async\" src=\"https:\/\/swissgoldplan.com\/wp-content\/uploads\/elementor\/thumbs\/tresor-rkfoy7o65zwq4klex0di70gpzuhm5gqrb45el7qps0.webp\" title=\"tresor\" alt=\"tresor\" loading=\"lazy\" \/>\t\t\t\t\t\t\t\t\t\t\t\t\t\t\t<\/div>\n\t\t\t\t<\/div>\n\t\t\t\t\t<\/div>\n\t\t<\/div>\n\t\t\t\t\t<\/div>\n\t\t<\/section>\n\t\t\t\t<section class=\"elementor-section elementor-inner-section elementor-element elementor-element-c5172e7 elementor-section-full_width tablet_drei elementor-section-height-default elementor-section-height-default\" data-id=\"c5172e7\" data-element_type=\"section\" data-e-type=\"section\">\n\t\t\t\t\t\t<div class=\"elementor-container elementor-column-gap-default\">\n\t\t\t\t\t<div class=\"elementor-column elementor-col-33 elementor-inner-column elementor-element elementor-element-0d86d04\" data-id=\"0d86d04\" data-element_type=\"column\" data-e-type=\"column\" data-settings=\"{&quot;background_background&quot;:&quot;classic&quot;}\">\n\t\t\t<div class=\"elementor-widget-wrap elementor-element-populated\">\n\t\t\t\t\t\t<div class=\"elementor-element elementor-element-bce8770 elementor-widget elementor-widget-image\" data-id=\"bce8770\" data-element_type=\"widget\" data-e-type=\"widget\" data-widget_type=\"image.default\">\n\t\t\t\t<div class=\"elementor-widget-container\">\n\t\t\t\t\t\t\t\t\t\t\t\t\t\t\t<img decoding=\"async\" src=\"https:\/\/swissgoldplan.com\/wp-content\/uploads\/elementor\/thumbs\/gold_icon-rkfp3fnw4uzklkphcjg2ifcv3zkjb0rv9mg1nja6tc.webp\" title=\"gold_icon\" alt=\"gold_icon\" loading=\"lazy\" \/>\t\t\t\t\t\t\t\t\t\t\t\t\t\t\t<\/div>\n\t\t\t\t<\/div>\n\t\t\t\t<div class=\"elementor-element elementor-element-d711ea9 elementor-widget elementor-widget-heading\" data-id=\"d711ea9\" data-element_type=\"widget\" data-e-type=\"widget\" data-widget_type=\"heading.default\">\n\t\t\t\t<div class=\"elementor-widget-container\">\n\t\t\t\t\t<h3 class=\"elementor-heading-title elementor-size-default\">Quantit\u00e9 d'or<\/h3>\t\t\t\t<\/div>\n\t\t\t\t<\/div>\n\t\t\t\t<div class=\"elementor-element elementor-element-97b6b90 elementor-widget elementor-widget-text-editor\" data-id=\"97b6b90\" data-element_type=\"widget\" data-e-type=\"widget\" data-widget_type=\"text-editor.default\">\n\t\t\t\t<div class=\"elementor-widget-container\">\n\t\t\t\t\t\t\t\t\t<p>La quantit\u00e9 minimale de d\u00e9p\u00f4t est de 25 kg. Ensuite, vous choisissez la quantit\u00e9 que vous souhaitez mettre.<\/p><p>Vous achetez de l&rsquo;or pour une certaine somme d&rsquo;argent ou vous apportez des lingots ou des pi\u00e8ces d&rsquo;or existants.<\/p>\t\t\t\t\t\t\t\t<\/div>\n\t\t\t\t<\/div>\n\t\t\t\t\t<\/div>\n\t\t<\/div>\n\t\t\t\t<div class=\"elementor-column elementor-col-33 elementor-inner-column elementor-element elementor-element-268afaf\" data-id=\"268afaf\" data-element_type=\"column\" data-e-type=\"column\" data-settings=\"{&quot;background_background&quot;:&quot;classic&quot;}\">\n\t\t\t<div class=\"elementor-widget-wrap elementor-element-populated\">\n\t\t\t\t\t\t<div class=\"elementor-element elementor-element-0c68886 elementor-widget elementor-widget-image\" data-id=\"0c68886\" data-element_type=\"widget\" data-e-type=\"widget\" data-widget_type=\"image.default\">\n\t\t\t\t<div class=\"elementor-widget-container\">\n\t\t\t\t\t\t\t\t\t\t\t\t\t\t\t<img decoding=\"async\" src=\"https:\/\/swissgoldplan.com\/wp-content\/uploads\/elementor\/thumbs\/buy_icon_produkte-rkfp3ayp6ot4ziwb3zexnyjk527p8j97kz6m95h5og.webp\" title=\"buy_icon_produkte\" alt=\"buy_icon_produkte\" loading=\"lazy\" \/>\t\t\t\t\t\t\t\t\t\t\t\t\t\t\t<\/div>\n\t\t\t\t<\/div>\n\t\t\t\t<div class=\"elementor-element elementor-element-909945b elementor-widget elementor-widget-heading\" data-id=\"909945b\" data-element_type=\"widget\" data-e-type=\"widget\" data-widget_type=\"heading.default\">\n\t\t\t\t<div class=\"elementor-widget-container\">\n\t\t\t\t\t<h3 class=\"elementor-heading-title elementor-size-default\">Achat et vente<\/h3>\t\t\t\t<\/div>\n\t\t\t\t<\/div>\n\t\t\t\t<div class=\"elementor-element elementor-element-6bfd8a2 elementor-widget elementor-widget-text-editor\" data-id=\"6bfd8a2\" data-element_type=\"widget\" data-e-type=\"widget\" data-widget_type=\"text-editor.default\">\n\t\t\t\t<div class=\"elementor-widget-container\">\n\t\t\t\t\t\t\t\t\t<p>Le 26 de chaque mois, nous achetons ou vendons de l&rsquo;or pour vous.<\/p><p>Les achats et les ventes extraordinaires d\u00e9pendent de la quantit\u00e9 d&rsquo;or que vous souhaitez acheter ou vendre.<\/p><p>Vous pouvez vendre votre or \u00e0 tout moment (le 26 du mois) ou le retirer sous forme de lingots physiques.<\/p>\t\t\t\t\t\t\t\t<\/div>\n\t\t\t\t<\/div>\n\t\t\t\t\t<\/div>\n\t\t<\/div>\n\t\t\t\t<div class=\"elementor-column elementor-col-33 elementor-inner-column elementor-element elementor-element-3bd5ba9\" data-id=\"3bd5ba9\" data-element_type=\"column\" data-e-type=\"column\" data-settings=\"{&quot;background_background&quot;:&quot;classic&quot;}\">\n\t\t\t<div class=\"elementor-widget-wrap elementor-element-populated\">\n\t\t\t\t\t\t<div class=\"elementor-element elementor-element-bf7a39e elementor-widget elementor-widget-image\" data-id=\"bf7a39e\" data-element_type=\"widget\" data-e-type=\"widget\" data-widget_type=\"image.default\">\n\t\t\t\t<div class=\"elementor-widget-container\">\n\t\t\t\t\t\t\t\t\t\t\t\t\t\t\t<img decoding=\"async\" src=\"https:\/\/swissgoldplan.com\/wp-content\/uploads\/elementor\/thumbs\/preis_icon_produkte-rkfp2yqspucesle23c4s9jmkf1vxggwp7apb0jz9xc.webp\" title=\"preis_icon_produkte\" alt=\"preis_icon_produkte\" loading=\"lazy\" \/>\t\t\t\t\t\t\t\t\t\t\t\t\t\t\t<\/div>\n\t\t\t\t<\/div>\n\t\t\t\t<div class=\"elementor-element elementor-element-f89b418 elementor-widget elementor-widget-heading\" data-id=\"f89b418\" data-element_type=\"widget\" data-e-type=\"widget\" data-widget_type=\"heading.default\">\n\t\t\t\t<div class=\"elementor-widget-container\">\n\t\t\t\t\t<h3 class=\"elementor-heading-title elementor-size-default\">Prix de l'or<\/h3>\t\t\t\t<\/div>\n\t\t\t\t<\/div>\n\t\t\t\t<div class=\"elementor-element elementor-element-4cd3f50 elementor-widget elementor-widget-text-editor\" data-id=\"4cd3f50\" data-element_type=\"widget\" data-e-type=\"widget\" data-widget_type=\"text-editor.default\">\n\t\t\t\t<div class=\"elementor-widget-container\">\n\t\t\t\t\t\t\t\t\t<p>Le prix est bas\u00e9 sur un lingot d&rsquo;un kilogramme et une puret\u00e9 de 999.9.<\/p><p>Il est achet\u00e9 et vendu au prix auquel il est n\u00e9goci\u00e9 le jour de l&rsquo;achat ou de la vente.<\/p>\t\t\t\t\t\t\t\t<\/div>\n\t\t\t\t<\/div>\n\t\t\t\t<div class=\"elementor-element elementor-element-3032c2c direkt-link1 elementor-widget elementor-widget-button\" data-id=\"3032c2c\" data-element_type=\"widget\" data-e-type=\"widget\" data-widget_type=\"button.default\">\n\t\t\t\t<div class=\"elementor-widget-container\">\n\t\t\t\t\t\t\t\t\t<div class=\"elementor-button-wrapper\">\n\t\t\t\t\t<a class=\"elementor-button elementor-button-link elementor-size-sm\" href=\"https:\/\/swissgoldplan.com\/wp-content\/uploads\/2023\/08\/Spezifikation_DEPOSIT_privat_DE_V1.0.pdf\" target=\"_blank\">\n\t\t\t\t\t\t<span class=\"elementor-button-content-wrapper\">\n\t\t\t\t\t\t\t\t\t<span class=\"elementor-button-text\">Sp\u00e9cification d\u00e9taill\u00e9e (pdf)<\/span>\n\t\t\t\t\t<\/span>\n\t\t\t\t\t<\/a>\n\t\t\t\t<\/div>\n\t\t\t\t\t\t\t\t<\/div>\n\t\t\t\t<\/div>\n\t\t\t\t\t<\/div>\n\t\t<\/div>\n\t\t\t\t\t<\/div>\n\t\t<\/section>\n\t\t\t\t<div class=\"elementor-element elementor-element-91a12f9 elementor-align-center elementor-widget elementor-widget-button\" data-id=\"91a12f9\" data-element_type=\"widget\" data-e-type=\"widget\" data-widget_type=\"button.default\">\n\t\t\t\t<div class=\"elementor-widget-container\">\n\t\t\t\t\t\t\t\t\t<div class=\"elementor-button-wrapper\">\n\t\t\t\t\t<a class=\"elementor-button elementor-button-link elementor-size-sm elementor-animation-grow\" href=\"https:\/\/swissgoldplan.com\/swissgoldplan-web\/new-account.xhtml\" target=\"_blank\">\n\t\t\t\t\t\t<span class=\"elementor-button-content-wrapper\">\n\t\t\t\t\t\t\t\t\t<span class=\"elementor-button-text\">S'inscrire maintenant<\/span>\n\t\t\t\t\t<\/span>\n\t\t\t\t\t<\/a>\n\t\t\t\t<\/div>\n\t\t\t\t\t\t\t\t<\/div>\n\t\t\t\t<\/div>\n\t\t\t\t\t<\/div>\n\t\t<\/div>\n\t\t\t\t\t<\/div>\n\t\t<\/section>\n\t\t\t\t<\/div>\n\t\t","protected":false},"excerpt":{"rendered":"<p>Deposit Votre or est stock\u00e9 dans un coffre-fort de haute s\u00e9curit\u00e9. Vous choisissez la quantit\u00e9. La quantit\u00e9 minimale de d\u00e9p\u00f4t est de 25 kg. Vous achetez de l&rsquo;or pour une certaine somme d&rsquo;argent ou vous apportez des lingots ou des pi\u00e8ces d&rsquo;or existants. Leur rendement est constitu\u00e9 de plus-values attendues. L&rsquo;or conserve sa valeur intrins\u00e8que [&hellip;]<\/p>\n","protected":false},"author":1,"featured_media":0,"parent":0,"menu_order":0,"comment_status":"closed","ping_status":"closed","template":"","meta":{"footnotes":""},"class_list":["post-3924","page","type-page","status-publish","hentry"],"yoast_head":"<!-- This site is optimized with the Yoast SEO plugin v27.4 - https:\/\/yoast.com\/product\/yoast-seo-wordpress\/ -->\n<title>Produit Deposit - swissgoldplan SA<\/title>\n<meta name=\"robots\" content=\"index, follow, max-snippet:-1, max-image-preview:large, max-video-preview:-1\" \/>\n<link rel=\"canonical\" href=\"https:\/\/swissgoldplan.com\/fr\/produit-deposit\/\" \/>\n<meta property=\"og:locale\" content=\"fr_FR\" \/>\n<meta property=\"og:type\" content=\"article\" \/>\n<meta property=\"og:title\" content=\"Produit Deposit - swissgoldplan SA\" \/>\n<meta property=\"og:description\" content=\"Deposit Votre or est stock\u00e9 dans un coffre-fort de haute s\u00e9curit\u00e9. Vous choisissez la quantit\u00e9. La quantit\u00e9 minimale de d\u00e9p\u00f4t est de 25 kg. Vous achetez de l&rsquo;or pour une certaine somme d&rsquo;argent ou vous apportez des lingots ou des pi\u00e8ces d&rsquo;or existants. Leur rendement est constitu\u00e9 de plus-values attendues. L&rsquo;or conserve sa valeur intrins\u00e8que [&hellip;]\" \/>\n<meta property=\"og:url\" content=\"https:\/\/swissgoldplan.com\/fr\/produit-deposit\/\" \/>\n<meta property=\"og:site_name\" content=\"swissgoldplan SA\" \/>\n<meta property=\"article:modified_time\" content=\"2025-06-16T10:40:37+00:00\" \/>\n<meta property=\"og:image\" content=\"https:\/\/swissgoldplan.com\/wp-content\/uploads\/elementor\/thumbs\/tresor-r544mncnn6v1xbijtv2eg9bigskfx2v1n5yvepp3pc.webp\" \/>\n<meta name=\"twitter:card\" content=\"summary_large_image\" \/>\n<meta name=\"twitter:label1\" content=\"Dur\u00e9e de lecture estim\u00e9e\" \/>\n\t<meta name=\"twitter:data1\" content=\"1 minute\" \/>\n<script type=\"application\/ld+json\" class=\"yoast-schema-graph\">{\"@context\":\"https:\\\/\\\/schema.org\",\"@graph\":[{\"@type\":\"WebPage\",\"@id\":\"https:\\\/\\\/swissgoldplan.com\\\/fr\\\/produit-deposit\\\/\",\"url\":\"https:\\\/\\\/swissgoldplan.com\\\/fr\\\/produit-deposit\\\/\",\"name\":\"Produit Deposit - swissgoldplan SA\",\"isPartOf\":{\"@id\":\"https:\\\/\\\/swissgoldplan.com\\\/fr\\\/#website\"},\"primaryImageOfPage\":{\"@id\":\"https:\\\/\\\/swissgoldplan.com\\\/fr\\\/produit-deposit\\\/#primaryimage\"},\"image\":{\"@id\":\"https:\\\/\\\/swissgoldplan.com\\\/fr\\\/produit-deposit\\\/#primaryimage\"},\"thumbnailUrl\":\"https:\\\/\\\/swissgoldplan.com\\\/wp-content\\\/uploads\\\/elementor\\\/thumbs\\\/tresor-r544mncnn6v1xbijtv2eg9bigskfx2v1n5yvepp3pc.webp\",\"datePublished\":\"2023-04-11T13:31:26+00:00\",\"dateModified\":\"2025-06-16T10:40:37+00:00\",\"breadcrumb\":{\"@id\":\"https:\\\/\\\/swissgoldplan.com\\\/fr\\\/produit-deposit\\\/#breadcrumb\"},\"inLanguage\":\"fr-FR\",\"potentialAction\":[{\"@type\":\"ReadAction\",\"target\":[\"https:\\\/\\\/swissgoldplan.com\\\/fr\\\/produit-deposit\\\/\"]}]},{\"@type\":\"ImageObject\",\"inLanguage\":\"fr-FR\",\"@id\":\"https:\\\/\\\/swissgoldplan.com\\\/fr\\\/produit-deposit\\\/#primaryimage\",\"url\":\"https:\\\/\\\/swissgoldplan.com\\\/wp-content\\\/uploads\\\/elementor\\\/thumbs\\\/tresor-r544mncnn6v1xbijtv2eg9bigskfx2v1n5yvepp3pc.webp\",\"contentUrl\":\"https:\\\/\\\/swissgoldplan.com\\\/wp-content\\\/uploads\\\/elementor\\\/thumbs\\\/tresor-r544mncnn6v1xbijtv2eg9bigskfx2v1n5yvepp3pc.webp\"},{\"@type\":\"BreadcrumbList\",\"@id\":\"https:\\\/\\\/swissgoldplan.com\\\/fr\\\/produit-deposit\\\/#breadcrumb\",\"itemListElement\":[{\"@type\":\"ListItem\",\"position\":1,\"name\":\"Accueil\",\"item\":\"https:\\\/\\\/swissgoldplan.com\\\/fr\\\/\"},{\"@type\":\"ListItem\",\"position\":2,\"name\":\"Produit Deposit\"}]},{\"@type\":\"WebSite\",\"@id\":\"https:\\\/\\\/swissgoldplan.com\\\/fr\\\/#website\",\"url\":\"https:\\\/\\\/swissgoldplan.com\\\/fr\\\/\",\"name\":\"swissgoldplan SA\",\"description\":\"Faites travailler votre or pour vous. Achetez de l'or en Suisse, empruntez-le et gagnez des int\u00e9r\u00eats de pr\u00eat. \",\"publisher\":{\"@id\":\"https:\\\/\\\/swissgoldplan.com\\\/fr\\\/#organization\"},\"potentialAction\":[{\"@type\":\"SearchAction\",\"target\":{\"@type\":\"EntryPoint\",\"urlTemplate\":\"https:\\\/\\\/swissgoldplan.com\\\/fr\\\/?s={search_term_string}\"},\"query-input\":{\"@type\":\"PropertyValueSpecification\",\"valueRequired\":true,\"valueName\":\"search_term_string\"}}],\"inLanguage\":\"fr-FR\"},{\"@type\":\"Organization\",\"@id\":\"https:\\\/\\\/swissgoldplan.com\\\/fr\\\/#organization\",\"name\":\"swissgoldplan SA\",\"alternateName\":\"swissgoldplan SA\",\"url\":\"https:\\\/\\\/swissgoldplan.com\\\/fr\\\/\",\"logo\":{\"@type\":\"ImageObject\",\"inLanguage\":\"fr-FR\",\"@id\":\"https:\\\/\\\/swissgoldplan.com\\\/fr\\\/#\\\/schema\\\/logo\\\/image\\\/\",\"url\":\"https:\\\/\\\/swissgoldplan.com\\\/wp-content\\\/uploads\\\/2023\\\/02\\\/logo_swissgoldplan-1.png\",\"contentUrl\":\"https:\\\/\\\/swissgoldplan.com\\\/wp-content\\\/uploads\\\/2023\\\/02\\\/logo_swissgoldplan-1.png\",\"width\":1620,\"height\":1000,\"caption\":\"swissgoldplan SA\"},\"image\":{\"@id\":\"https:\\\/\\\/swissgoldplan.com\\\/fr\\\/#\\\/schema\\\/logo\\\/image\\\/\"},\"sameAs\":[\"https:\\\/\\\/www.linkedin.com\\\/company\\\/swissgoldplan-sa\\\/?viewAsMember=true\"]}]}<\/script>\n<!-- \/ Yoast SEO plugin. -->","yoast_head_json":{"title":"Produit Deposit - swissgoldplan SA","robots":{"index":"index","follow":"follow","max-snippet":"max-snippet:-1","max-image-preview":"max-image-preview:large","max-video-preview":"max-video-preview:-1"},"canonical":"https:\/\/swissgoldplan.com\/fr\/produit-deposit\/","og_locale":"fr_FR","og_type":"article","og_title":"Produit Deposit - swissgoldplan SA","og_description":"Deposit Votre or est stock\u00e9 dans un coffre-fort de haute s\u00e9curit\u00e9. Vous choisissez la quantit\u00e9. La quantit\u00e9 minimale de d\u00e9p\u00f4t est de 25 kg. Vous achetez de l&rsquo;or pour une certaine somme d&rsquo;argent ou vous apportez des lingots ou des pi\u00e8ces d&rsquo;or existants. Leur rendement est constitu\u00e9 de plus-values attendues. L&rsquo;or conserve sa valeur intrins\u00e8que [&hellip;]","og_url":"https:\/\/swissgoldplan.com\/fr\/produit-deposit\/","og_site_name":"swissgoldplan SA","article_modified_time":"2025-06-16T10:40:37+00:00","og_image":[{"url":"https:\/\/swissgoldplan.com\/wp-content\/uploads\/elementor\/thumbs\/tresor-r544mncnn6v1xbijtv2eg9bigskfx2v1n5yvepp3pc.webp","type":"","width":"","height":""}],"twitter_card":"summary_large_image","twitter_misc":{"Dur\u00e9e de lecture estim\u00e9e":"1 minute"},"schema":{"@context":"https:\/\/schema.org","@graph":[{"@type":"WebPage","@id":"https:\/\/swissgoldplan.com\/fr\/produit-deposit\/","url":"https:\/\/swissgoldplan.com\/fr\/produit-deposit\/","name":"Produit Deposit - swissgoldplan SA","isPartOf":{"@id":"https:\/\/swissgoldplan.com\/fr\/#website"},"primaryImageOfPage":{"@id":"https:\/\/swissgoldplan.com\/fr\/produit-deposit\/#primaryimage"},"image":{"@id":"https:\/\/swissgoldplan.com\/fr\/produit-deposit\/#primaryimage"},"thumbnailUrl":"https:\/\/swissgoldplan.com\/wp-content\/uploads\/elementor\/thumbs\/tresor-r544mncnn6v1xbijtv2eg9bigskfx2v1n5yvepp3pc.webp","datePublished":"2023-04-11T13:31:26+00:00","dateModified":"2025-06-16T10:40:37+00:00","breadcrumb":{"@id":"https:\/\/swissgoldplan.com\/fr\/produit-deposit\/#breadcrumb"},"inLanguage":"fr-FR","potentialAction":[{"@type":"ReadAction","target":["https:\/\/swissgoldplan.com\/fr\/produit-deposit\/"]}]},{"@type":"ImageObject","inLanguage":"fr-FR","@id":"https:\/\/swissgoldplan.com\/fr\/produit-deposit\/#primaryimage","url":"https:\/\/swissgoldplan.com\/wp-content\/uploads\/elementor\/thumbs\/tresor-r544mncnn6v1xbijtv2eg9bigskfx2v1n5yvepp3pc.webp","contentUrl":"https:\/\/swissgoldplan.com\/wp-content\/uploads\/elementor\/thumbs\/tresor-r544mncnn6v1xbijtv2eg9bigskfx2v1n5yvepp3pc.webp"},{"@type":"BreadcrumbList","@id":"https:\/\/swissgoldplan.com\/fr\/produit-deposit\/#breadcrumb","itemListElement":[{"@type":"ListItem","position":1,"name":"Accueil","item":"https:\/\/swissgoldplan.com\/fr\/"},{"@type":"ListItem","position":2,"name":"Produit Deposit"}]},{"@type":"WebSite","@id":"https:\/\/swissgoldplan.com\/fr\/#website","url":"https:\/\/swissgoldplan.com\/fr\/","name":"swissgoldplan SA","description":"Faites travailler votre or pour vous. Achetez de l'or en Suisse, empruntez-le et gagnez des int\u00e9r\u00eats de pr\u00eat. ","publisher":{"@id":"https:\/\/swissgoldplan.com\/fr\/#organization"},"potentialAction":[{"@type":"SearchAction","target":{"@type":"EntryPoint","urlTemplate":"https:\/\/swissgoldplan.com\/fr\/?s={search_term_string}"},"query-input":{"@type":"PropertyValueSpecification","valueRequired":true,"valueName":"search_term_string"}}],"inLanguage":"fr-FR"},{"@type":"Organization","@id":"https:\/\/swissgoldplan.com\/fr\/#organization","name":"swissgoldplan SA","alternateName":"swissgoldplan SA","url":"https:\/\/swissgoldplan.com\/fr\/","logo":{"@type":"ImageObject","inLanguage":"fr-FR","@id":"https:\/\/swissgoldplan.com\/fr\/#\/schema\/logo\/image\/","url":"https:\/\/swissgoldplan.com\/wp-content\/uploads\/2023\/02\/logo_swissgoldplan-1.png","contentUrl":"https:\/\/swissgoldplan.com\/wp-content\/uploads\/2023\/02\/logo_swissgoldplan-1.png","width":1620,"height":1000,"caption":"swissgoldplan SA"},"image":{"@id":"https:\/\/swissgoldplan.com\/fr\/#\/schema\/logo\/image\/"},"sameAs":["https:\/\/www.linkedin.com\/company\/swissgoldplan-sa\/?viewAsMember=true"]}]}},"_links":{"self":[{"href":"https:\/\/swissgoldplan.com\/fr\/wp-json\/wp\/v2\/pages\/3924","targetHints":{"allow":["GET"]}}],"collection":[{"href":"https:\/\/swissgoldplan.com\/fr\/wp-json\/wp\/v2\/pages"}],"about":[{"href":"https:\/\/swissgoldplan.com\/fr\/wp-json\/wp\/v2\/types\/page"}],"author":[{"embeddable":true,"href":"https:\/\/swissgoldplan.com\/fr\/wp-json\/wp\/v2\/users\/1"}],"replies":[{"embeddable":true,"href":"https:\/\/swissgoldplan.com\/fr\/wp-json\/wp\/v2\/comments?post=3924"}],"version-history":[{"count":2,"href":"https:\/\/swissgoldplan.com\/fr\/wp-json\/wp\/v2\/pages\/3924\/revisions"}],"predecessor-version":[{"id":5087,"href":"https:\/\/swissgoldplan.com\/fr\/wp-json\/wp\/v2\/pages\/3924\/revisions\/5087"}],"wp:attachment":[{"href":"https:\/\/swissgoldplan.com\/fr\/wp-json\/wp\/v2\/media?parent=3924"}],"curies":[{"name":"wp","href":"https:\/\/api.w.org\/{rel}","templated":true}]}}